{"id":1763,"date":"2018-05-08T08:57:00","date_gmt":"2018-05-08T05:57:00","guid":{"rendered":"http:\/\/marktrading.ee\/shop\/uncategorized\/vahvlikupsetaja-900w-valge\/"},"modified":"2026-04-17T17:36:32","modified_gmt":"2026-04-17T14:36:32","slug":"vahvlikupsetaja-900w-valge","status":"publish","type":"product","link":"https:\/\/homeemotion.lt\/lt\/toode\/vahvlikupsetaja-900w-valge\/","title":{"rendered":"Vafli\u0173 kepimo aparatas \"Domo"},"content":{"rendered":"<p>Vafli\u0173 kepimo aparatas 900W baltas<\/p>","protected":false},"excerpt":{"rendered":"<p>XL kepimo skardos dviem dideliems vafliams 23\u00d713,5 cm. 35% didesnis kepimo pavir\u0161ius. 2 \u012fsp\u0117jamosios lemput\u0117s. Neslystan\u010dios kojel\u0117s. Izoliuota rankena ir korpusas. Kepimo plok\u0161t\u0117s be \u0161on\u0173. 900 W galia<\/p>\n<p>galia 900 W<\/p>","protected":false},"featured_media":16955,"template":"","meta":{"om_disable_all_campaigns":false,"_uf_show_specific_survey":0,"_uf_disable_surveys":false},"product_brand":[933],"product_cat":[1006,1001,1031],"product_tag":[116],"class_list":{"0":"post-1763","1":"product","2":"type-product","3":"status-publish","4":"has-post-thumbnail","6":"product_brand-domo","7":"product_cat-koogitehnika-tehnika","8":"product_cat-tehnika","9":"product_cat-vahvlikupsetajad","10":"product_tag-domo","12":"first","13":"instock","14":"taxable","15":"shipping-taxable","16":"purchasable","17":"product-type-simple"},"aioseo_notices":[],"_links":{"self":[{"href":"https:\/\/homeemotion.lt\/lt\/wp-json\/wp\/v2\/product\/1763","targetHints":{"allow":["GET"]}}],"collection":[{"href":"https:\/\/homeemotion.lt\/lt\/wp-json\/wp\/v2\/product"}],"about":[{"href":"https:\/\/homeemotion.lt\/lt\/wp-json\/wp\/v2\/types\/product"}],"wp:featuredmedia":[{"embeddable":true,"href":"https:\/\/homeemotion.lt\/lt\/wp-json\/wp\/v2\/media\/16955"}],"wp:attachment":[{"href":"https:\/\/homeemotion.lt\/lt\/wp-json\/wp\/v2\/media?parent=1763"}],"wp:term":[{"taxonomy":"product_brand","embeddable":true,"href":"https:\/\/homeemotion.lt\/lt\/wp-json\/wp\/v2\/product_brand?post=1763"},{"taxonomy":"product_cat","embeddable":true,"href":"https:\/\/homeemotion.lt\/lt\/wp-json\/wp\/v2\/product_cat?post=1763"},{"taxonomy":"product_tag","embeddable":true,"href":"https:\/\/homeemotion.lt\/lt\/wp-json\/wp\/v2\/product_tag?post=1763"}],"curies":[{"name":"wp","href":"https:\/\/api.w.org\/{rel}","templated":true}]}}