{"id":1760,"date":"2018-05-08T08:56:59","date_gmt":"2018-05-08T05:56:59","guid":{"rendered":"http:\/\/marktrading.ee\/shop\/uncategorized\/vaakumpakendaja-kotid-mudelile-do327l-50tk-22x30cm\/"},"modified":"2026-04-17T17:36:31","modified_gmt":"2026-04-17T14:36:31","slug":"vaakumpakendaja-kotid-mudelile-do327l-50tk-22x30cm","status":"publish","type":"product","link":"https:\/\/homeemotion.lt\/lt\/toode\/vaakumpakendaja-kotid-mudelile-do327l-50tk-22x30cm\/","title":{"rendered":"Vakuuminis pakavimo \u012frenginys Domo DO327L mai\u0161eliai, 22x30cm, 50 vnt."},"content":{"rendered":"<p>DO327L modelio vakuumini\u0173 pakuo\u010di\u0173 mai\u0161eliai 50 vnt. - 22x30 cm<\/p>","protected":false},"excerpt":{"rendered":"<p>DO327L vakuuminio \u0161ilumokai\u010dio atsarginiai mai\u0161eliai 50 vnt. plastikinio mai\u0161elio matmenys: 22X30 cm<\/p>","protected":false},"featured_media":16921,"template":"","meta":{"om_disable_all_campaigns":false,"_uf_show_specific_survey":0,"_uf_disable_surveys":false},"product_brand":[933],"product_cat":[1006,1018,1001],"product_tag":[116],"class_list":{"0":"post-1760","1":"product","2":"type-product","3":"status-publish","4":"has-post-thumbnail","6":"product_brand-domo","7":"product_cat-koogitehnika-tehnika","8":"product_cat-muud-tooted-koogitehnika-tehnika","9":"product_cat-tehnika","10":"product_tag-domo","12":"first","13":"instock","14":"taxable","15":"shipping-taxable","16":"purchasable","17":"product-type-simple"},"aioseo_notices":[],"_links":{"self":[{"href":"https:\/\/homeemotion.lt\/lt\/wp-json\/wp\/v2\/product\/1760","targetHints":{"allow":["GET"]}}],"collection":[{"href":"https:\/\/homeemotion.lt\/lt\/wp-json\/wp\/v2\/product"}],"about":[{"href":"https:\/\/homeemotion.lt\/lt\/wp-json\/wp\/v2\/types\/product"}],"wp:featuredmedia":[{"embeddable":true,"href":"https:\/\/homeemotion.lt\/lt\/wp-json\/wp\/v2\/media\/16921"}],"wp:attachment":[{"href":"https:\/\/homeemotion.lt\/lt\/wp-json\/wp\/v2\/media?parent=1760"}],"wp:term":[{"taxonomy":"product_brand","embeddable":true,"href":"https:\/\/homeemotion.lt\/lt\/wp-json\/wp\/v2\/product_brand?post=1760"},{"taxonomy":"product_cat","embeddable":true,"href":"https:\/\/homeemotion.lt\/lt\/wp-json\/wp\/v2\/product_cat?post=1760"},{"taxonomy":"product_tag","embeddable":true,"href":"https:\/\/homeemotion.lt\/lt\/wp-json\/wp\/v2\/product_tag?post=1760"}],"curies":[{"name":"wp","href":"https:\/\/api.w.org\/{rel}","templated":true}]}}