{"id":1752,"date":"2018-05-08T08:56:58","date_gmt":"2018-05-08T08:56:58","guid":{"rendered":"http:\/\/marktrading.ee\/shop\/uncategorized\/tolmukotid-10tk-mudelitele-do7276-7277-7278s\/"},"modified":"2026-04-17T17:14:38","modified_gmt":"2026-04-17T14:14:38","slug":"tolmukotid-10tk-mudelitele-do7276-7277-7278s","status":"publish","type":"product","link":"https:\/\/homeemotion.lt\/lt\/toode\/tolmukotid-10tk-mudelitele-do7276-7277-7278s\/","title":{"rendered":"Dulki\u0173 mai\u0161eliai, skirti Domo dulki\u0173 siurbliui DO7276\/ 7277\/ 7278S"},"content":{"rendered":"<p>Tolmukotid 10tk. Mudelitele DO7276\/ 7277\/ 7278S<\/p>","protected":false},"excerpt":{"rendered":"<p>Tolmukotid sobivad Domo tolmuimeja mudelitele DO7276S\/ DO7277S\/ DO7278S. Pakis on 10tk.<\/p>","protected":false},"featured_media":16940,"template":"","meta":{"om_disable_all_campaigns":false,"_uf_show_specific_survey":0,"_uf_disable_surveys":false},"product_brand":[933],"product_cat":[1002,1001,1024],"product_tag":[116],"class_list":{"0":"post-1752","1":"product","2":"type-product","3":"status-publish","4":"has-post-thumbnail","6":"product_brand-domo","7":"product_cat-kodutehnika","8":"product_cat-tehnika","9":"product_cat-tolmuimejad-tolmukotiga","10":"product_tag-domo","12":"first","13":"instock","14":"taxable","15":"shipping-taxable","16":"purchasable","17":"product-type-simple"},"aioseo_notices":[],"_links":{"self":[{"href":"https:\/\/homeemotion.lt\/lt\/wp-json\/wp\/v2\/product\/1752","targetHints":{"allow":["GET"]}}],"collection":[{"href":"https:\/\/homeemotion.lt\/lt\/wp-json\/wp\/v2\/product"}],"about":[{"href":"https:\/\/homeemotion.lt\/lt\/wp-json\/wp\/v2\/types\/product"}],"wp:featuredmedia":[{"embeddable":true,"href":"https:\/\/homeemotion.lt\/lt\/wp-json\/wp\/v2\/media\/16940"}],"wp:attachment":[{"href":"https:\/\/homeemotion.lt\/lt\/wp-json\/wp\/v2\/media?parent=1752"}],"wp:term":[{"taxonomy":"product_brand","embeddable":true,"href":"https:\/\/homeemotion.lt\/lt\/wp-json\/wp\/v2\/product_brand?post=1752"},{"taxonomy":"product_cat","embeddable":true,"href":"https:\/\/homeemotion.lt\/lt\/wp-json\/wp\/v2\/product_cat?post=1752"},{"taxonomy":"product_tag","embeddable":true,"href":"https:\/\/homeemotion.lt\/lt\/wp-json\/wp\/v2\/product_tag?post=1752"}],"curies":[{"name":"wp","href":"https:\/\/api.w.org\/{rel}","templated":true}]}}