{"id":1741,"date":"2018-05-08T08:56:56","date_gmt":"2018-05-08T05:56:56","guid":{"rendered":"http:\/\/marktrading.ee\/shop\/uncategorized\/riisikeetja-aurutaja-13l\/"},"modified":"2026-04-21T12:44:14","modified_gmt":"2026-04-21T09:44:14","slug":"riisikeetja-aurutaja-13l","status":"publish","type":"product","link":"https:\/\/homeemotion.lt\/lt\/toode\/riisikeetja-aurutaja-13l\/","title":{"rendered":"Ry\u017ei\u0173 virykl\u0117 \/ garintuv\u0117 \"Domo\" 1,3 l"},"content":{"rendered":"<p>Riisikeetja\/ aurutaja 1,3L<\/p>","protected":false},"excerpt":{"rendered":"<p>mahutavus 1,3 L. eemaldatav mittenakkuva pinnaga keedun\u00f5u. aurutamisn\u00f5u k\u00f6\u00f6givilja, liha ja kala aurutamiseks. auruavaga klaasist kaas. automaatne v\u00e4ljal\u00fclitumine keetmise l\u00f5ppedes, misj\u00e4rel l\u00fclitub soojashoidmise re\u017eiimile. sisse- ja v\u00e4ljal\u00fclitamise nupp. komplekti kuulub: riisispaatel, m\u00f5\u00f5ten\u00f5u, roostevabast terasest aurukorv<\/p>\n<p>V\u00f5imsus 536 W<\/p>","protected":false},"featured_media":16958,"template":"","meta":{"om_disable_all_campaigns":false,"_uf_show_specific_survey":0,"_uf_disable_surveys":false},"product_brand":[933],"product_cat":[1012,955,973],"product_tag":[116],"class_list":{"0":"post-1741","1":"product","2":"type-product","3":"status-publish","4":"has-post-thumbnail","6":"product_brand-domo","7":"product_cat-aurutajad","8":"product_cat-kodu","9":"product_cat-koogitehnika","10":"product_tag-domo","12":"first","13":"instock","14":"taxable","15":"shipping-taxable","16":"purchasable","17":"product-type-simple"},"aioseo_notices":[],"_links":{"self":[{"href":"https:\/\/homeemotion.lt\/lt\/wp-json\/wp\/v2\/product\/1741","targetHints":{"allow":["GET"]}}],"collection":[{"href":"https:\/\/homeemotion.lt\/lt\/wp-json\/wp\/v2\/product"}],"about":[{"href":"https:\/\/homeemotion.lt\/lt\/wp-json\/wp\/v2\/types\/product"}],"wp:featuredmedia":[{"embeddable":true,"href":"https:\/\/homeemotion.lt\/lt\/wp-json\/wp\/v2\/media\/16958"}],"wp:attachment":[{"href":"https:\/\/homeemotion.lt\/lt\/wp-json\/wp\/v2\/media?parent=1741"}],"wp:term":[{"taxonomy":"product_brand","embeddable":true,"href":"https:\/\/homeemotion.lt\/lt\/wp-json\/wp\/v2\/product_brand?post=1741"},{"taxonomy":"product_cat","embeddable":true,"href":"https:\/\/homeemotion.lt\/lt\/wp-json\/wp\/v2\/product_cat?post=1741"},{"taxonomy":"product_tag","embeddable":true,"href":"https:\/\/homeemotion.lt\/lt\/wp-json\/wp\/v2\/product_tag?post=1741"}],"curies":[{"name":"wp","href":"https:\/\/api.w.org\/{rel}","templated":true}]}}