{"id":17370,"date":"2026-04-01T15:14:03","date_gmt":"2026-04-01T12:14:03","guid":{"rendered":"https:\/\/homeemotion.lt\/toode\/roster-domo-980winox\/"},"modified":"2026-04-20T02:12:38","modified_gmt":"2026-04-19T23:12:38","slug":"roster-domo-980winox","status":"publish","type":"product","link":"https:\/\/homeemotion.lt\/lt\/toode\/roster-domo-980winox\/","title":{"rendered":"Skrudintuvas Domo 980W, ner\u016bdijantis plienas"},"content":{"rendered":"","protected":false},"excerpt":{"rendered":"<p>R\u00f6ster kahe avaga, 3 funktsiooninuppu: uuesti soojendamine, sulatamine, t\u00fchistamine. Eemaldatav purusahtel<\/p>\n<p>V\u00f5imsus 980W<\/p>","protected":false},"featured_media":0,"template":"","meta":{"om_disable_all_campaigns":false,"_uf_show_specific_survey":0,"_uf_disable_surveys":false},"product_brand":[933],"product_cat":[1001],"product_tag":[116],"class_list":{"0":"post-17370","1":"product","2":"type-product","3":"status-publish","5":"product_brand-domo","6":"product_cat-tehnika","7":"product_tag-domo","9":"first","10":"instock","11":"taxable","12":"shipping-taxable","13":"purchasable","14":"product-type-simple"},"aioseo_notices":[],"_links":{"self":[{"href":"https:\/\/homeemotion.lt\/lt\/wp-json\/wp\/v2\/product\/17370","targetHints":{"allow":["GET"]}}],"collection":[{"href":"https:\/\/homeemotion.lt\/lt\/wp-json\/wp\/v2\/product"}],"about":[{"href":"https:\/\/homeemotion.lt\/lt\/wp-json\/wp\/v2\/types\/product"}],"wp:attachment":[{"href":"https:\/\/homeemotion.lt\/lt\/wp-json\/wp\/v2\/media?parent=17370"}],"wp:term":[{"taxonomy":"product_brand","embeddable":true,"href":"https:\/\/homeemotion.lt\/lt\/wp-json\/wp\/v2\/product_brand?post=17370"},{"taxonomy":"product_cat","embeddable":true,"href":"https:\/\/homeemotion.lt\/lt\/wp-json\/wp\/v2\/product_cat?post=17370"},{"taxonomy":"product_tag","embeddable":true,"href":"https:\/\/homeemotion.lt\/lt\/wp-json\/wp\/v2\/product_tag?post=17370"}],"curies":[{"name":"wp","href":"https:\/\/api.w.org\/{rel}","templated":true}]}}