{"id":1737,"date":"2018-05-08T08:56:55","date_gmt":"2018-05-08T05:56:55","guid":{"rendered":"http:\/\/marktrading.ee\/shop\/uncategorized\/munakeetja-400w-1-7-munale-metallist\/"},"modified":"2026-04-17T14:13:05","modified_gmt":"2026-04-17T11:13:05","slug":"munakeetja-400w-1-7-munale-metallist","status":"publish","type":"product","link":"https:\/\/homeemotion.lt\/lt\/toode\/munakeetja-400w-1-7-munale-metallist\/","title":{"rendered":"Domo kiau\u0161ini\u0173 gaudykl\u0117, 1-7 kiau\u0161iniai, metalin\u0117"},"content":{"rendered":"<p>Munakeetja 400W 1-7 munale metallist<\/p>","protected":false},"excerpt":{"rendered":"<p>Munakeetja 1-7 muna keetmiseks. eemaldatav munarest. v\u00f5imsus 400 W. helisignaal annab m\u00e4rku keetmise l\u00f5petamisest. m\u00f5\u00f5dutops munakoore l\u00e4bitorkamisn\u00f5elaga. kolm k\u00fcpsusastet<\/p>\n<p>v\u00f5imsus 400 W<\/p>","protected":false},"featured_media":16957,"template":"","meta":{"om_disable_all_campaigns":false,"_uf_show_specific_survey":0,"_uf_disable_surveys":false},"product_brand":[933],"product_cat":[955,973,1009],"product_tag":[116],"class_list":{"0":"post-1737","1":"product","2":"type-product","3":"status-publish","4":"has-post-thumbnail","6":"product_brand-domo","7":"product_cat-kodu","8":"product_cat-koogitehnika","9":"product_cat-munakeetjad","10":"product_tag-domo","12":"first","13":"instock","14":"taxable","15":"shipping-taxable","16":"purchasable","17":"product-type-simple"},"aioseo_notices":[],"_links":{"self":[{"href":"https:\/\/homeemotion.lt\/lt\/wp-json\/wp\/v2\/product\/1737","targetHints":{"allow":["GET"]}}],"collection":[{"href":"https:\/\/homeemotion.lt\/lt\/wp-json\/wp\/v2\/product"}],"about":[{"href":"https:\/\/homeemotion.lt\/lt\/wp-json\/wp\/v2\/types\/product"}],"wp:featuredmedia":[{"embeddable":true,"href":"https:\/\/homeemotion.lt\/lt\/wp-json\/wp\/v2\/media\/16957"}],"wp:attachment":[{"href":"https:\/\/homeemotion.lt\/lt\/wp-json\/wp\/v2\/media?parent=1737"}],"wp:term":[{"taxonomy":"product_brand","embeddable":true,"href":"https:\/\/homeemotion.lt\/lt\/wp-json\/wp\/v2\/product_brand?post=1737"},{"taxonomy":"product_cat","embeddable":true,"href":"https:\/\/homeemotion.lt\/lt\/wp-json\/wp\/v2\/product_cat?post=1737"},{"taxonomy":"product_tag","embeddable":true,"href":"https:\/\/homeemotion.lt\/lt\/wp-json\/wp\/v2\/product_tag?post=1737"}],"curies":[{"name":"wp","href":"https:\/\/api.w.org\/{rel}","templated":true}]}}