{"id":17363,"date":"2026-03-18T10:11:05","date_gmt":"2026-03-18T07:11:05","guid":{"rendered":"https:\/\/homeemotion.lt\/toode\/termokruus-alicia-300mlvalge\/"},"modified":"2026-04-18T02:11:21","modified_gmt":"2026-04-17T23:11:21","slug":"termokruus-alicia-300mlvalge","status":"publish","type":"product","link":"https:\/\/homeemotion.lt\/lt\/toode\/termokruus-alicia-300mlvalge\/","title":{"rendered":"Termokruus Alicia 300ml,valge"},"content":{"rendered":"","protected":false},"excerpt":{"rendered":"<p>Sobib kasutamiseks reisidel ja kontoris. Roostevabast terasest korpus. Joogid p\u00fcsivad kuumad kuni 8 tundi ja k\u00fclmad kuni 12 tundi. 100% lekkekindel. Lihtne \u00fche puudutusega avamine koos lukustusega. Sobib enamikule auto topsihoidjatest. Mahutavus: 300 ml. L\u00e4bim\u00f5\u00f5t: 6,4 cm. K\u00f5rgus: 20 cm. V\u00e4rv: valge<\/p>\n<p>V\u00e4rv: valge<\/p>","protected":false},"featured_media":0,"template":"","meta":{"om_disable_all_campaigns":false,"_uf_show_specific_survey":0,"_uf_disable_surveys":false},"product_brand":[1078],"product_cat":[1068,955],"product_tag":[516],"class_list":{"0":"post-17363","1":"product","2":"type-product","3":"status-publish","5":"product_brand-galicja","6":"product_cat-joogitarvikud-kodu","7":"product_cat-kodu","8":"product_tag-galicja","10":"first","11":"instock","12":"taxable","13":"shipping-taxable","14":"purchasable","15":"product-type-simple"},"aioseo_notices":[],"_links":{"self":[{"href":"https:\/\/homeemotion.lt\/lt\/wp-json\/wp\/v2\/product\/17363","targetHints":{"allow":["GET"]}}],"collection":[{"href":"https:\/\/homeemotion.lt\/lt\/wp-json\/wp\/v2\/product"}],"about":[{"href":"https:\/\/homeemotion.lt\/lt\/wp-json\/wp\/v2\/types\/product"}],"wp:attachment":[{"href":"https:\/\/homeemotion.lt\/lt\/wp-json\/wp\/v2\/media?parent=17363"}],"wp:term":[{"taxonomy":"product_brand","embeddable":true,"href":"https:\/\/homeemotion.lt\/lt\/wp-json\/wp\/v2\/product_brand?post=17363"},{"taxonomy":"product_cat","embeddable":true,"href":"https:\/\/homeemotion.lt\/lt\/wp-json\/wp\/v2\/product_cat?post=17363"},{"taxonomy":"product_tag","embeddable":true,"href":"https:\/\/homeemotion.lt\/lt\/wp-json\/wp\/v2\/product_tag?post=17363"}],"curies":[{"name":"wp","href":"https:\/\/api.w.org\/{rel}","templated":true}]}}