{"id":17361,"date":"2026-03-18T10:11:05","date_gmt":"2026-03-18T07:11:05","guid":{"rendered":"https:\/\/homeemotion.lt\/toode\/termokruus-alicia-300ml-must\/"},"modified":"2026-04-18T02:11:21","modified_gmt":"2026-04-17T23:11:21","slug":"termokruus-alicia-300ml-must","status":"publish","type":"product","link":"https:\/\/homeemotion.lt\/lt\/toode\/termokruus-alicia-300ml-must\/","title":{"rendered":"Termokruus Alicia 300ml, must"},"content":{"rendered":"","protected":false},"excerpt":{"rendered":"<p>Sobib kasutamiseks reisidel ja kontoris. Roostevabast terasest korpus. Joogid p\u00fcsivad kuumad kuni 8 tundi ja k\u00fclmad kuni 12 tundi. 100% lekkekindel. Lihtne \u00fche puudutusega avamine koos lukustusega. Sobib enamikule auto topsihoidjatest. Mahutavus: 300 ml. L\u00e4bim\u00f5\u00f5t: 6,4 cm. K\u00f5rgus: 20 cm. V\u00e4rv: valge<\/p>\n<p>V\u00e4rv: valge<\/p>","protected":false},"featured_media":17362,"template":"","meta":{"om_disable_all_campaigns":false,"_uf_show_specific_survey":0,"_uf_disable_surveys":false},"product_brand":[1078],"product_cat":[1068,955],"product_tag":[516],"class_list":{"0":"post-17361","1":"product","2":"type-product","3":"status-publish","4":"has-post-thumbnail","6":"product_brand-galicja","7":"product_cat-joogitarvikud-kodu","8":"product_cat-kodu","9":"product_tag-galicja","11":"first","12":"instock","13":"taxable","14":"shipping-taxable","15":"purchasable","16":"product-type-simple"},"aioseo_notices":[],"_links":{"self":[{"href":"https:\/\/homeemotion.lt\/lt\/wp-json\/wp\/v2\/product\/17361","targetHints":{"allow":["GET"]}}],"collection":[{"href":"https:\/\/homeemotion.lt\/lt\/wp-json\/wp\/v2\/product"}],"about":[{"href":"https:\/\/homeemotion.lt\/lt\/wp-json\/wp\/v2\/types\/product"}],"wp:featuredmedia":[{"embeddable":true,"href":"https:\/\/homeemotion.lt\/lt\/wp-json\/wp\/v2\/media\/17362"}],"wp:attachment":[{"href":"https:\/\/homeemotion.lt\/lt\/wp-json\/wp\/v2\/media?parent=17361"}],"wp:term":[{"taxonomy":"product_brand","embeddable":true,"href":"https:\/\/homeemotion.lt\/lt\/wp-json\/wp\/v2\/product_brand?post=17361"},{"taxonomy":"product_cat","embeddable":true,"href":"https:\/\/homeemotion.lt\/lt\/wp-json\/wp\/v2\/product_cat?post=17361"},{"taxonomy":"product_tag","embeddable":true,"href":"https:\/\/homeemotion.lt\/lt\/wp-json\/wp\/v2\/product_tag?post=17361"}],"curies":[{"name":"wp","href":"https:\/\/api.w.org\/{rel}","templated":true}]}}