{"id":1736,"date":"2018-05-08T08:56:55","date_gmt":"2018-05-08T05:56:55","guid":{"rendered":"http:\/\/marktrading.ee\/shop\/uncategorized\/multigrill-2000w-metallist\/"},"modified":"2026-04-21T12:44:14","modified_gmt":"2026-04-21T09:44:14","slug":"multigrill-2000w-metallist","status":"publish","type":"product","link":"https:\/\/homeemotion.lt\/lt\/toode\/multigrill-2000w-metallist\/","title":{"rendered":"\"Domo\" daugiafunkcinis grilis"},"content":{"rendered":"<p>Multigrill 2000W metallist<\/p>","protected":false},"excerpt":{"rendered":"<p>k\u00fclgev\u00f5tmatud k\u00fcpsetusplaadid. plaadi m\u00f5\u00f5tmed 29X26 cm. 2 m\u00e4rgutuld. eemaldatav rasvaalus. mittekuumenevad k\u00e4epidemed. mittelibisevad jalad. reguleeritav temperatuur. komplekti kuulub praktiline vahend k\u00fcpsetusplaatide puhastamiseks<\/p>\n<p>Galia 2000 W<\/p>","protected":false},"featured_media":16956,"template":"","meta":{"om_disable_all_campaigns":false,"_uf_show_specific_survey":0,"_uf_disable_surveys":false},"product_brand":[933],"product_cat":[974,955,973],"product_tag":[116],"class_list":{"0":"post-1736","1":"product","2":"type-product","3":"status-publish","4":"has-post-thumbnail","6":"product_brand-domo","7":"product_cat-grillid","8":"product_cat-kodu","9":"product_cat-koogitehnika","10":"product_tag-domo","12":"first","13":"instock","14":"taxable","15":"shipping-taxable","16":"purchasable","17":"product-type-simple"},"aioseo_notices":[],"_links":{"self":[{"href":"https:\/\/homeemotion.lt\/lt\/wp-json\/wp\/v2\/product\/1736","targetHints":{"allow":["GET"]}}],"collection":[{"href":"https:\/\/homeemotion.lt\/lt\/wp-json\/wp\/v2\/product"}],"about":[{"href":"https:\/\/homeemotion.lt\/lt\/wp-json\/wp\/v2\/types\/product"}],"wp:featuredmedia":[{"embeddable":true,"href":"https:\/\/homeemotion.lt\/lt\/wp-json\/wp\/v2\/media\/16956"}],"wp:attachment":[{"href":"https:\/\/homeemotion.lt\/lt\/wp-json\/wp\/v2\/media?parent=1736"}],"wp:term":[{"taxonomy":"product_brand","embeddable":true,"href":"https:\/\/homeemotion.lt\/lt\/wp-json\/wp\/v2\/product_brand?post=1736"},{"taxonomy":"product_cat","embeddable":true,"href":"https:\/\/homeemotion.lt\/lt\/wp-json\/wp\/v2\/product_cat?post=1736"},{"taxonomy":"product_tag","embeddable":true,"href":"https:\/\/homeemotion.lt\/lt\/wp-json\/wp\/v2\/product_tag?post=1736"}],"curies":[{"name":"wp","href":"https:\/\/api.w.org\/{rel}","templated":true}]}}