{"id":17359,"date":"2026-03-16T12:17:32","date_gmt":"2026-03-16T09:17:32","guid":{"rendered":"https:\/\/homeemotion.lt\/toode\/tolmukotid-domo-tolmuimejale-do7285-10tk\/"},"modified":"2026-04-17T17:36:31","modified_gmt":"2026-04-17T14:36:31","slug":"tolmukotid-domo-tolmuimejale-do7285-10tk","status":"publish","type":"product","link":"https:\/\/homeemotion.lt\/lt\/toode\/tolmukotid-domo-tolmuimejale-do7285-10tk\/","title":{"rendered":"Domo dulki\u0173 siurbliui DO7285 dulki\u0173 mai\u0161eliai, 10 vnt."},"content":{"rendered":"","protected":false},"excerpt":{"rendered":"<p>Tolmukotid sobivad Domo tolmuimeja mudelitele DO7285s Pakis on 10tk.<\/p>","protected":false},"featured_media":0,"template":"","meta":{"om_disable_all_campaigns":false,"_uf_show_specific_survey":0,"_uf_disable_surveys":false},"product_brand":[933],"product_cat":[1002,1001,1024],"product_tag":[116],"class_list":{"0":"post-17359","1":"product","2":"type-product","3":"status-publish","5":"product_brand-domo","6":"product_cat-kodutehnika","7":"product_cat-tehnika","8":"product_cat-tolmuimejad-tolmukotiga","9":"product_tag-domo","11":"first","12":"instock","13":"taxable","14":"shipping-taxable","15":"purchasable","16":"product-type-simple"},"aioseo_notices":[],"_links":{"self":[{"href":"https:\/\/homeemotion.lt\/lt\/wp-json\/wp\/v2\/product\/17359","targetHints":{"allow":["GET"]}}],"collection":[{"href":"https:\/\/homeemotion.lt\/lt\/wp-json\/wp\/v2\/product"}],"about":[{"href":"https:\/\/homeemotion.lt\/lt\/wp-json\/wp\/v2\/types\/product"}],"wp:attachment":[{"href":"https:\/\/homeemotion.lt\/lt\/wp-json\/wp\/v2\/media?parent=17359"}],"wp:term":[{"taxonomy":"product_brand","embeddable":true,"href":"https:\/\/homeemotion.lt\/lt\/wp-json\/wp\/v2\/product_brand?post=17359"},{"taxonomy":"product_cat","embeddable":true,"href":"https:\/\/homeemotion.lt\/lt\/wp-json\/wp\/v2\/product_cat?post=17359"},{"taxonomy":"product_tag","embeddable":true,"href":"https:\/\/homeemotion.lt\/lt\/wp-json\/wp\/v2\/product_tag?post=17359"}],"curies":[{"name":"wp","href":"https:\/\/api.w.org\/{rel}","templated":true}]}}