{"id":17330,"date":"2026-02-16T14:25:01","date_gmt":"2026-02-16T11:25:01","guid":{"rendered":"https:\/\/homeemotion.lt\/toode\/hambaharja-karp-manicare\/"},"modified":"2026-04-20T03:13:11","modified_gmt":"2026-04-20T00:13:11","slug":"hambaharja-karp-manicare","status":"publish","type":"product","link":"https:\/\/homeemotion.lt\/lt\/toode\/hambaharja-karp-manicare\/","title":{"rendered":"Dant\u0173 \u0161epet\u0117lio d\u0117\u017eut\u0117 \"Manicare"},"content":{"rendered":"","protected":false},"excerpt":{"rendered":"","protected":false},"featured_media":0,"template":"","meta":{"om_disable_all_campaigns":false,"_uf_show_specific_survey":0,"_uf_disable_surveys":false},"product_brand":[1166],"product_cat":[],"product_tag":[1165],"class_list":{"0":"post-17330","1":"product","2":"type-product","3":"status-publish","5":"product_brand-manicare","6":"product_tag-manicare","8":"first","9":"instock","10":"taxable","11":"shipping-taxable","12":"purchasable","13":"product-type-simple"},"aioseo_notices":[],"_links":{"self":[{"href":"https:\/\/homeemotion.lt\/lt\/wp-json\/wp\/v2\/product\/17330","targetHints":{"allow":["GET"]}}],"collection":[{"href":"https:\/\/homeemotion.lt\/lt\/wp-json\/wp\/v2\/product"}],"about":[{"href":"https:\/\/homeemotion.lt\/lt\/wp-json\/wp\/v2\/types\/product"}],"wp:attachment":[{"href":"https:\/\/homeemotion.lt\/lt\/wp-json\/wp\/v2\/media?parent=17330"}],"wp:term":[{"taxonomy":"product_brand","embeddable":true,"href":"https:\/\/homeemotion.lt\/lt\/wp-json\/wp\/v2\/product_brand?post=17330"},{"taxonomy":"product_cat","embeddable":true,"href":"https:\/\/homeemotion.lt\/lt\/wp-json\/wp\/v2\/product_cat?post=17330"},{"taxonomy":"product_tag","embeddable":true,"href":"https:\/\/homeemotion.lt\/lt\/wp-json\/wp\/v2\/product_tag?post=17330"}],"curies":[{"name":"wp","href":"https:\/\/api.w.org\/{rel}","templated":true}]}}