{"id":17326,"date":"2026-02-16T14:24:55","date_gmt":"2026-02-16T11:24:55","guid":{"rendered":"https:\/\/homeemotion.lt\/toode\/muffinivormid-paberist-ombre-32tk-tala\/"},"modified":"2026-04-17T17:36:14","modified_gmt":"2026-04-17T14:36:14","slug":"muffinivormid-paberist-ombre-32tk-tala","status":"publish","type":"product","link":"https:\/\/homeemotion.lt\/lt\/toode\/muffinivormid-paberist-ombre-32tk-tala\/","title":{"rendered":"Keksiuk\u0173 formel\u0117s popierin\u0117s \"Ombre\" 32 vnt."},"content":{"rendered":"","protected":false},"excerpt":{"rendered":"<p>Tala paberist muffinivormid 32tk. L\u00e4bim\u00f5\u00f5t \u00fclevalt: 8cm. L\u00e4bim\u00f5\u00f5t alt: 5cm. K\u00f5rgus: 4cm. V\u00e4rv: v\u00e4rviline<\/p>\n<p>V\u00e4rv: v\u00e4rviline<\/p>","protected":false},"featured_media":0,"template":"","meta":{"om_disable_all_campaigns":false,"_uf_show_specific_survey":0,"_uf_disable_surveys":false},"product_brand":[1082],"product_cat":[955,956,957],"product_tag":[266],"class_list":{"0":"post-17326","1":"product","2":"type-product","3":"status-publish","5":"product_brand-tala","6":"product_cat-kodu","7":"product_cat-koogitarvikud","8":"product_cat-kupsetustarvikud","9":"product_tag-tala","11":"first","12":"instock","13":"taxable","14":"shipping-taxable","15":"purchasable","16":"product-type-simple"},"aioseo_notices":[],"_links":{"self":[{"href":"https:\/\/homeemotion.lt\/lt\/wp-json\/wp\/v2\/product\/17326","targetHints":{"allow":["GET"]}}],"collection":[{"href":"https:\/\/homeemotion.lt\/lt\/wp-json\/wp\/v2\/product"}],"about":[{"href":"https:\/\/homeemotion.lt\/lt\/wp-json\/wp\/v2\/types\/product"}],"wp:attachment":[{"href":"https:\/\/homeemotion.lt\/lt\/wp-json\/wp\/v2\/media?parent=17326"}],"wp:term":[{"taxonomy":"product_brand","embeddable":true,"href":"https:\/\/homeemotion.lt\/lt\/wp-json\/wp\/v2\/product_brand?post=17326"},{"taxonomy":"product_cat","embeddable":true,"href":"https:\/\/homeemotion.lt\/lt\/wp-json\/wp\/v2\/product_cat?post=17326"},{"taxonomy":"product_tag","embeddable":true,"href":"https:\/\/homeemotion.lt\/lt\/wp-json\/wp\/v2\/product_tag?post=17326"}],"curies":[{"name":"wp","href":"https:\/\/api.w.org\/{rel}","templated":true}]}}