{"id":17317,"date":"2026-02-13T10:44:16","date_gmt":"2026-02-13T07:44:16","guid":{"rendered":"https:\/\/homeemotion.lt\/toode\/muffinivormid-paberist-varviline-mini-100tk-tala\/"},"modified":"2026-04-19T17:37:34","modified_gmt":"2026-04-19T14:37:34","slug":"muffinivormid-paberist-varviline-mini-100tk-tala","status":"publish","type":"product","link":"https:\/\/homeemotion.lt\/lt\/toode\/muffinivormid-paberist-varviline-mini-100tk-tala\/","title":{"rendered":"Keksiuk\u0173 formel\u0117s mini su spalvotais ta\u0161keliais, 100 vnt."},"content":{"rendered":"","protected":false},"excerpt":{"rendered":"","protected":false},"featured_media":0,"template":"","meta":{"om_disable_all_campaigns":false,"_uf_show_specific_survey":0,"_uf_disable_surveys":false},"product_brand":[1082],"product_cat":[955,956],"product_tag":[266],"class_list":{"0":"post-17317","1":"product","2":"type-product","3":"status-publish","5":"product_brand-tala","6":"product_cat-kodu","7":"product_cat-koogitarvikud","8":"product_tag-tala","10":"first","11":"instock","12":"taxable","13":"shipping-taxable","14":"purchasable","15":"product-type-simple"},"aioseo_notices":[],"_links":{"self":[{"href":"https:\/\/homeemotion.lt\/lt\/wp-json\/wp\/v2\/product\/17317","targetHints":{"allow":["GET"]}}],"collection":[{"href":"https:\/\/homeemotion.lt\/lt\/wp-json\/wp\/v2\/product"}],"about":[{"href":"https:\/\/homeemotion.lt\/lt\/wp-json\/wp\/v2\/types\/product"}],"wp:attachment":[{"href":"https:\/\/homeemotion.lt\/lt\/wp-json\/wp\/v2\/media?parent=17317"}],"wp:term":[{"taxonomy":"product_brand","embeddable":true,"href":"https:\/\/homeemotion.lt\/lt\/wp-json\/wp\/v2\/product_brand?post=17317"},{"taxonomy":"product_cat","embeddable":true,"href":"https:\/\/homeemotion.lt\/lt\/wp-json\/wp\/v2\/product_cat?post=17317"},{"taxonomy":"product_tag","embeddable":true,"href":"https:\/\/homeemotion.lt\/lt\/wp-json\/wp\/v2\/product_tag?post=17317"}],"curies":[{"name":"wp","href":"https:\/\/api.w.org\/{rel}","templated":true}]}}