{"id":17279,"date":"2026-02-06T14:12:21","date_gmt":"2026-02-06T11:12:21","guid":{"rendered":"https:\/\/homeemotion.lt\/toode\/nutisormus-2\/"},"modified":"2026-04-19T16:38:18","modified_gmt":"2026-04-19T13:38:18","slug":"nutisormus-2","status":"publish","type":"product","link":"https:\/\/homeemotion.lt\/lt\/toode\/nutisormus-2\/","title":{"rendered":"I\u0161manusis \u017eiedas su ra\u0161tu"},"content":{"rendered":"","protected":false},"excerpt":{"rendered":"","protected":false},"featured_media":0,"template":"","meta":{"om_disable_all_campaigns":false,"_uf_show_specific_survey":0,"_uf_disable_surveys":false},"product_brand":[1161],"product_cat":[1162,1163,1001],"product_tag":[1160],"class_list":{"0":"post-17279","1":"product","2":"type-product","3":"status-publish","5":"product_brand-homeemotion","6":"product_cat-ilutooted-tehnika","7":"product_cat-sormused-ilutooted-tehnika","8":"product_cat-tehnika","9":"product_tag-homeemotion","11":"first","12":"instock","13":"taxable","14":"shipping-taxable","15":"purchasable","16":"product-type-simple"},"aioseo_notices":[],"_links":{"self":[{"href":"https:\/\/homeemotion.lt\/lt\/wp-json\/wp\/v2\/product\/17279","targetHints":{"allow":["GET"]}}],"collection":[{"href":"https:\/\/homeemotion.lt\/lt\/wp-json\/wp\/v2\/product"}],"about":[{"href":"https:\/\/homeemotion.lt\/lt\/wp-json\/wp\/v2\/types\/product"}],"wp:attachment":[{"href":"https:\/\/homeemotion.lt\/lt\/wp-json\/wp\/v2\/media?parent=17279"}],"wp:term":[{"taxonomy":"product_brand","embeddable":true,"href":"https:\/\/homeemotion.lt\/lt\/wp-json\/wp\/v2\/product_brand?post=17279"},{"taxonomy":"product_cat","embeddable":true,"href":"https:\/\/homeemotion.lt\/lt\/wp-json\/wp\/v2\/product_cat?post=17279"},{"taxonomy":"product_tag","embeddable":true,"href":"https:\/\/homeemotion.lt\/lt\/wp-json\/wp\/v2\/product_tag?post=17279"}],"curies":[{"name":"wp","href":"https:\/\/api.w.org\/{rel}","templated":true}]}}