{"id":17277,"date":"2026-02-05T11:14:54","date_gmt":"2026-02-05T08:14:54","guid":{"rendered":"https:\/\/homeemotion.lt\/toode\/termokruus-termos-smile-300ml-punane\/"},"modified":"2026-04-17T22:12:25","modified_gmt":"2026-04-17T19:12:25","slug":"termokruus-termos-smile-300ml-punane","status":"publish","type":"product","link":"https:\/\/homeemotion.lt\/lt\/toode\/termokruus-termos-smile-300ml-punane\/","title":{"rendered":"Termo puodelis \/ termosas Smile 300ml, raudonas"},"content":{"rendered":"","protected":false},"excerpt":{"rendered":"<p>Sobib kasutamiseks reisidel ja kontoris. Roostevabast terasest korpus. Joogid p\u00fcsivad kuumad kuni 8 tundi ja k\u00fclmad kuni 12 tundi. 100% lekkekindel. Lihtne \u00fche puudutusega avamine koos lukustusega. Sobib enamikule auto topsihoidjatest. Mahutavus: 300 ml. L\u00e4bim\u00f5\u00f5t: 6,4 cm. K\u00f5rgus: 20 cm. V\u00e4rv: valge<\/p>\n<p>V\u00e4rv: valge<\/p>","protected":false},"featured_media":0,"template":"","meta":{"om_disable_all_campaigns":false,"_uf_show_specific_survey":0,"_uf_disable_surveys":false},"product_brand":[1125],"product_cat":[961,955,956],"product_tag":[722],"class_list":{"0":"post-17277","1":"product","2":"type-product","3":"status-publish","5":"product_brand-smile","6":"product_cat-joogitarvikud","7":"product_cat-kodu","8":"product_cat-koogitarvikud","9":"product_tag-smile","11":"first","12":"instock","13":"taxable","14":"shipping-taxable","15":"purchasable","16":"product-type-simple"},"aioseo_notices":[],"_links":{"self":[{"href":"https:\/\/homeemotion.lt\/lt\/wp-json\/wp\/v2\/product\/17277","targetHints":{"allow":["GET"]}}],"collection":[{"href":"https:\/\/homeemotion.lt\/lt\/wp-json\/wp\/v2\/product"}],"about":[{"href":"https:\/\/homeemotion.lt\/lt\/wp-json\/wp\/v2\/types\/product"}],"wp:attachment":[{"href":"https:\/\/homeemotion.lt\/lt\/wp-json\/wp\/v2\/media?parent=17277"}],"wp:term":[{"taxonomy":"product_brand","embeddable":true,"href":"https:\/\/homeemotion.lt\/lt\/wp-json\/wp\/v2\/product_brand?post=17277"},{"taxonomy":"product_cat","embeddable":true,"href":"https:\/\/homeemotion.lt\/lt\/wp-json\/wp\/v2\/product_cat?post=17277"},{"taxonomy":"product_tag","embeddable":true,"href":"https:\/\/homeemotion.lt\/lt\/wp-json\/wp\/v2\/product_tag?post=17277"}],"curies":[{"name":"wp","href":"https:\/\/api.w.org\/{rel}","templated":true}]}}