{"id":17276,"date":"2026-02-03T16:11:43","date_gmt":"2026-02-03T13:11:43","guid":{"rendered":"https:\/\/homeemotion.lt\/toode\/trimmer-babyliss-laetav-1x-habemekamm-1-20mm\/"},"modified":"2026-04-17T23:36:40","modified_gmt":"2026-04-17T20:36:40","slug":"trimmer-babyliss-laetav-1x-habemekamm-1-20mm","status":"publish","type":"product","link":"https:\/\/homeemotion.lt\/lt\/toode\/trimmer-babyliss-laetav-1x-habemekamm-1-20mm\/","title":{"rendered":"*\u012ekraunamas \u017eoliapjov\u0117 \"Babyliss\", 1x skutimosi \u0161ukos 1-20 mm"},"content":{"rendered":"","protected":false},"excerpt":{"rendered":"","protected":false},"featured_media":0,"template":"","meta":{"om_disable_all_campaigns":false,"_uf_show_specific_survey":0,"_uf_disable_surveys":false},"product_brand":[1087],"product_cat":[],"product_tag":[19],"class_list":{"0":"post-17276","1":"product","2":"type-product","3":"status-publish","5":"product_brand-babyliss","6":"product_tag-babyliss","8":"first","9":"instock","10":"taxable","11":"shipping-taxable","12":"purchasable","13":"product-type-simple"},"aioseo_notices":[],"_links":{"self":[{"href":"https:\/\/homeemotion.lt\/lt\/wp-json\/wp\/v2\/product\/17276","targetHints":{"allow":["GET"]}}],"collection":[{"href":"https:\/\/homeemotion.lt\/lt\/wp-json\/wp\/v2\/product"}],"about":[{"href":"https:\/\/homeemotion.lt\/lt\/wp-json\/wp\/v2\/types\/product"}],"wp:attachment":[{"href":"https:\/\/homeemotion.lt\/lt\/wp-json\/wp\/v2\/media?parent=17276"}],"wp:term":[{"taxonomy":"product_brand","embeddable":true,"href":"https:\/\/homeemotion.lt\/lt\/wp-json\/wp\/v2\/product_brand?post=17276"},{"taxonomy":"product_cat","embeddable":true,"href":"https:\/\/homeemotion.lt\/lt\/wp-json\/wp\/v2\/product_cat?post=17276"},{"taxonomy":"product_tag","embeddable":true,"href":"https:\/\/homeemotion.lt\/lt\/wp-json\/wp\/v2\/product_tag?post=17276"}],"curies":[{"name":"wp","href":"https:\/\/api.w.org\/{rel}","templated":true}]}}