{"id":17270,"date":"2026-02-03T16:11:09","date_gmt":"2026-02-03T13:11:09","guid":{"rendered":"https:\/\/homeemotion.lt\/toode\/kuuneloikur-vaike-2\/"},"modified":"2026-04-19T20:14:13","modified_gmt":"2026-04-19T17:14:13","slug":"kuuneloikur-vaike-2","status":"publish","type":"product","link":"https:\/\/homeemotion.lt\/lt\/toode\/kuuneloikur-vaike-2\/","title":{"rendered":"Ma\u017eas \u017evaki\u0173 pjaustytuvas"},"content":{"rendered":"","protected":false},"excerpt":{"rendered":"","protected":false},"featured_media":0,"template":"","meta":{"om_disable_all_campaigns":false,"_uf_show_specific_survey":0,"_uf_disable_surveys":false},"product_brand":[1092],"product_cat":[],"product_tag":[591],"class_list":{"0":"post-17270","1":"product","2":"type-product","3":"status-publish","5":"product_brand-babyliss-acc","6":"product_tag-babyliss-acc","8":"first","9":"instock","10":"taxable","11":"shipping-taxable","12":"purchasable","13":"product-type-simple"},"aioseo_notices":[],"_links":{"self":[{"href":"https:\/\/homeemotion.lt\/lt\/wp-json\/wp\/v2\/product\/17270","targetHints":{"allow":["GET"]}}],"collection":[{"href":"https:\/\/homeemotion.lt\/lt\/wp-json\/wp\/v2\/product"}],"about":[{"href":"https:\/\/homeemotion.lt\/lt\/wp-json\/wp\/v2\/types\/product"}],"wp:attachment":[{"href":"https:\/\/homeemotion.lt\/lt\/wp-json\/wp\/v2\/media?parent=17270"}],"wp:term":[{"taxonomy":"product_brand","embeddable":true,"href":"https:\/\/homeemotion.lt\/lt\/wp-json\/wp\/v2\/product_brand?post=17270"},{"taxonomy":"product_cat","embeddable":true,"href":"https:\/\/homeemotion.lt\/lt\/wp-json\/wp\/v2\/product_cat?post=17270"},{"taxonomy":"product_tag","embeddable":true,"href":"https:\/\/homeemotion.lt\/lt\/wp-json\/wp\/v2\/product_tag?post=17270"}],"curies":[{"name":"wp","href":"https:\/\/api.w.org\/{rel}","templated":true}]}}