{"id":17248,"date":"2025-12-11T12:11:41","date_gmt":"2025-12-11T09:11:41","guid":{"rendered":"https:\/\/homeemotion.lt\/toode\/blender-domo-inox-1000w-15l-klaaskann\/"},"modified":"2026-04-19T22:22:49","modified_gmt":"2026-04-19T19:22:49","slug":"blender-domo-inox-1000w-15l-klaaskann","status":"publish","type":"product","link":"https:\/\/homeemotion.lt\/lt\/toode\/blender-domo-inox-1000w-15l-klaaskann\/","title":{"rendered":"Blenderis Domo ner\u016bdijan\u010dio plieno, 1000W, 1,5l stiklinis \u0105sotis"},"content":{"rendered":"","protected":false},"excerpt":{"rendered":"<p>Galia 1000 W<\/p>","protected":false},"featured_media":0,"template":"","meta":{"om_disable_all_campaigns":false,"_uf_show_specific_survey":0,"_uf_disable_surveys":false},"product_brand":[933],"product_cat":[1020,955,973],"product_tag":[116],"class_list":{"0":"post-17248","1":"product","2":"type-product","3":"status-publish","5":"product_brand-domo","6":"product_cat-blenderid","7":"product_cat-kodu","8":"product_cat-koogitehnika","9":"product_tag-domo","11":"first","12":"instock","13":"taxable","14":"shipping-taxable","15":"purchasable","16":"product-type-simple"},"aioseo_notices":[],"_links":{"self":[{"href":"https:\/\/homeemotion.lt\/lt\/wp-json\/wp\/v2\/product\/17248","targetHints":{"allow":["GET"]}}],"collection":[{"href":"https:\/\/homeemotion.lt\/lt\/wp-json\/wp\/v2\/product"}],"about":[{"href":"https:\/\/homeemotion.lt\/lt\/wp-json\/wp\/v2\/types\/product"}],"wp:attachment":[{"href":"https:\/\/homeemotion.lt\/lt\/wp-json\/wp\/v2\/media?parent=17248"}],"wp:term":[{"taxonomy":"product_brand","embeddable":true,"href":"https:\/\/homeemotion.lt\/lt\/wp-json\/wp\/v2\/product_brand?post=17248"},{"taxonomy":"product_cat","embeddable":true,"href":"https:\/\/homeemotion.lt\/lt\/wp-json\/wp\/v2\/product_cat?post=17248"},{"taxonomy":"product_tag","embeddable":true,"href":"https:\/\/homeemotion.lt\/lt\/wp-json\/wp\/v2\/product_tag?post=17248"}],"curies":[{"name":"wp","href":"https:\/\/api.w.org\/{rel}","templated":true}]}}