{"id":17242,"date":"2025-11-28T11:11:40","date_gmt":"2025-11-28T08:11:40","guid":{"rendered":"https:\/\/homeemotion.lt\/toode\/juuksehari-ohuga-babyliss-1000w\/"},"modified":"2026-04-17T23:36:32","modified_gmt":"2026-04-17T20:36:32","slug":"juuksehari-ohuga-babyliss-1000w","status":"publish","type":"product","link":"https:\/\/homeemotion.lt\/lt\/toode\/juuksehari-ohuga-babyliss-1000w\/","title":{"rendered":"Plauk\u0173 \u0161epetys su oru Babyliss 900W"},"content":{"rendered":"","protected":false},"excerpt":{"rendered":"<p>Jonin\u0117 technologija. 2 grei\u010dio nustatymai, 2 temperat\u016bros nustatymai + v\u0117sus oras. nuimamas filtras. besisukantis laidas<\/p>\n<p>Galia 1000 W<\/p>","protected":false},"featured_media":0,"template":"","meta":{"om_disable_all_campaigns":false,"_uf_show_specific_survey":0,"_uf_disable_surveys":false},"product_brand":[1087],"product_cat":[985,986],"product_tag":[19],"class_list":{"0":"post-17242","1":"product","2":"type-product","3":"status-publish","5":"product_brand-babyliss","6":"product_cat-ilu","7":"product_cat-ilutooted","8":"product_tag-babyliss","10":"first","11":"instock","12":"taxable","13":"shipping-taxable","14":"purchasable","15":"product-type-simple"},"aioseo_notices":[],"_links":{"self":[{"href":"https:\/\/homeemotion.lt\/lt\/wp-json\/wp\/v2\/product\/17242","targetHints":{"allow":["GET"]}}],"collection":[{"href":"https:\/\/homeemotion.lt\/lt\/wp-json\/wp\/v2\/product"}],"about":[{"href":"https:\/\/homeemotion.lt\/lt\/wp-json\/wp\/v2\/types\/product"}],"wp:attachment":[{"href":"https:\/\/homeemotion.lt\/lt\/wp-json\/wp\/v2\/media?parent=17242"}],"wp:term":[{"taxonomy":"product_brand","embeddable":true,"href":"https:\/\/homeemotion.lt\/lt\/wp-json\/wp\/v2\/product_brand?post=17242"},{"taxonomy":"product_cat","embeddable":true,"href":"https:\/\/homeemotion.lt\/lt\/wp-json\/wp\/v2\/product_cat?post=17242"},{"taxonomy":"product_tag","embeddable":true,"href":"https:\/\/homeemotion.lt\/lt\/wp-json\/wp\/v2\/product_tag?post=17242"}],"curies":[{"name":"wp","href":"https:\/\/api.w.org\/{rel}","templated":true}]}}