{"id":17237,"date":"2025-11-25T11:12:29","date_gmt":"2025-11-25T08:12:29","guid":{"rendered":"https:\/\/homeemotion.lt\/toode\/kohvimasin-roheline-125l-wood-you\/"},"modified":"2026-04-17T14:13:05","modified_gmt":"2026-04-17T11:13:05","slug":"kohvimasin-roheline-125l-wood-you","status":"publish","type":"product","link":"https:\/\/homeemotion.lt\/lt\/toode\/kohvimasin-roheline-125l-wood-you\/","title":{"rendered":"Kohvimasin roheline  1,25L Wood You"},"content":{"rendered":"","protected":false},"excerpt":{"rendered":"<p>termoskann 1,2 L. v\u00f5imalik valmistada 8-10 tassi kohvi. veetaseme n\u00e4idik. sisse- ja v\u00e4ljal\u00fclitamise nupp. tilgalukk. automaatne v\u00e4ljal\u00fclitumine (5 minuti p\u00e4rast). eemaldatav, pestav filter. LCD ekraan. eelseadistatav taimer 24 h<\/p>\n<p>Galia 1000 W<\/p>","protected":false},"featured_media":0,"template":"","meta":{"om_disable_all_campaigns":false,"_uf_show_specific_survey":0,"_uf_disable_surveys":false},"product_brand":[933],"product_cat":[955,1021,973],"product_tag":[116],"class_list":{"0":"post-17237","1":"product","2":"type-product","3":"status-publish","5":"product_brand-domo","6":"product_cat-kodu","7":"product_cat-kohvimasinad","8":"product_cat-koogitehnika","9":"product_tag-domo","11":"first","12":"instock","13":"taxable","14":"shipping-taxable","15":"purchasable","16":"product-type-simple"},"aioseo_notices":[],"_links":{"self":[{"href":"https:\/\/homeemotion.lt\/lt\/wp-json\/wp\/v2\/product\/17237","targetHints":{"allow":["GET"]}}],"collection":[{"href":"https:\/\/homeemotion.lt\/lt\/wp-json\/wp\/v2\/product"}],"about":[{"href":"https:\/\/homeemotion.lt\/lt\/wp-json\/wp\/v2\/types\/product"}],"wp:attachment":[{"href":"https:\/\/homeemotion.lt\/lt\/wp-json\/wp\/v2\/media?parent=17237"}],"wp:term":[{"taxonomy":"product_brand","embeddable":true,"href":"https:\/\/homeemotion.lt\/lt\/wp-json\/wp\/v2\/product_brand?post=17237"},{"taxonomy":"product_cat","embeddable":true,"href":"https:\/\/homeemotion.lt\/lt\/wp-json\/wp\/v2\/product_cat?post=17237"},{"taxonomy":"product_tag","embeddable":true,"href":"https:\/\/homeemotion.lt\/lt\/wp-json\/wp\/v2\/product_tag?post=17237"}],"curies":[{"name":"wp","href":"https:\/\/api.w.org\/{rel}","templated":true}]}}