{"id":17223,"date":"2025-11-19T13:39:29","date_gmt":"2025-11-19T10:39:29","guid":{"rendered":"https:\/\/homeemotion.lt\/toode\/aeglane-mahlapress-domo-150w\/"},"modified":"2026-04-17T20:11:44","modified_gmt":"2026-04-17T17:11:44","slug":"aeglane-mahlapress-domo-150w","status":"publish","type":"product","link":"https:\/\/homeemotion.lt\/lt\/toode\/aeglane-mahlapress-domo-150w\/","title":{"rendered":"L\u0117ta sul\u010diaspaud\u0117 Domo 150W"},"content":{"rendered":"","protected":false},"excerpt":{"rendered":"","protected":false},"featured_media":0,"template":"","meta":{"om_disable_all_campaigns":false,"_uf_show_specific_survey":0,"_uf_disable_surveys":false},"product_brand":[933],"product_cat":[1006,1148,1001],"product_tag":[116],"class_list":{"0":"post-17223","1":"product","2":"type-product","3":"status-publish","5":"product_brand-domo","6":"product_cat-koogitehnika-tehnika","7":"product_cat-mahlapressid-koogitehnika-tehnika","8":"product_cat-tehnika","9":"product_tag-domo","11":"first","12":"instock","13":"taxable","14":"shipping-taxable","15":"purchasable","16":"product-type-simple"},"aioseo_notices":[],"_links":{"self":[{"href":"https:\/\/homeemotion.lt\/lt\/wp-json\/wp\/v2\/product\/17223","targetHints":{"allow":["GET"]}}],"collection":[{"href":"https:\/\/homeemotion.lt\/lt\/wp-json\/wp\/v2\/product"}],"about":[{"href":"https:\/\/homeemotion.lt\/lt\/wp-json\/wp\/v2\/types\/product"}],"wp:attachment":[{"href":"https:\/\/homeemotion.lt\/lt\/wp-json\/wp\/v2\/media?parent=17223"}],"wp:term":[{"taxonomy":"product_brand","embeddable":true,"href":"https:\/\/homeemotion.lt\/lt\/wp-json\/wp\/v2\/product_brand?post=17223"},{"taxonomy":"product_cat","embeddable":true,"href":"https:\/\/homeemotion.lt\/lt\/wp-json\/wp\/v2\/product_cat?post=17223"},{"taxonomy":"product_tag","embeddable":true,"href":"https:\/\/homeemotion.lt\/lt\/wp-json\/wp\/v2\/product_tag?post=17223"}],"curies":[{"name":"wp","href":"https:\/\/api.w.org\/{rel}","templated":true}]}}