{"id":17221,"date":"2025-11-19T13:39:26","date_gmt":"2025-11-19T10:39:26","guid":{"rendered":"https:\/\/homeemotion.lt\/toode\/aurutriikraud-domo-2400w-keraamiline-tald-vertikaalne-aur-320ml-veepaak\/"},"modified":"2026-04-19T16:38:11","modified_gmt":"2026-04-19T13:38:11","slug":"aurutriikraud-domo-2400w-keraamiline-tald-vertikaalne-aur-320ml-veepaak","status":"publish","type":"product","link":"https:\/\/homeemotion.lt\/lt\/toode\/aurutriikraud-domo-2400w-keraamiline-tald-vertikaalne-aur-320ml-veepaak\/","title":{"rendered":"Garinis lygintuvas \"Domo\" 2400 W, keramin\u0117 pad\u0117klo plok\u0161t\u0117, vertikal\u016bs garai, 320 ml vandens bakelis"},"content":{"rendered":"","protected":false},"excerpt":{"rendered":"<p>Keraamilinet tald, mugav t\u00e4iteava. 360\u00b0 p\u00f6\u00f6ratav juhe,aurupahvak 100 g\/min. pidev auruvoog 40 g\/min. vertikaalne aur, tilgalukk,isepuhastuss\u00fcsteem<\/p>\n<p>V\u00f5imsus 2400W<\/p>","protected":false},"featured_media":0,"template":"","meta":{"om_disable_all_campaigns":false,"_uf_show_specific_survey":0,"_uf_disable_surveys":false},"product_brand":[933],"product_cat":[1002,1001,1047],"product_tag":[116],"class_list":{"0":"post-17221","1":"product","2":"type-product","3":"status-publish","5":"product_brand-domo","6":"product_cat-kodutehnika","7":"product_cat-tehnika","8":"product_cat-triikrauad","9":"product_tag-domo","11":"first","12":"instock","13":"taxable","14":"shipping-taxable","15":"purchasable","16":"product-type-simple"},"aioseo_notices":[],"_links":{"self":[{"href":"https:\/\/homeemotion.lt\/lt\/wp-json\/wp\/v2\/product\/17221","targetHints":{"allow":["GET"]}}],"collection":[{"href":"https:\/\/homeemotion.lt\/lt\/wp-json\/wp\/v2\/product"}],"about":[{"href":"https:\/\/homeemotion.lt\/lt\/wp-json\/wp\/v2\/types\/product"}],"wp:attachment":[{"href":"https:\/\/homeemotion.lt\/lt\/wp-json\/wp\/v2\/media?parent=17221"}],"wp:term":[{"taxonomy":"product_brand","embeddable":true,"href":"https:\/\/homeemotion.lt\/lt\/wp-json\/wp\/v2\/product_brand?post=17221"},{"taxonomy":"product_cat","embeddable":true,"href":"https:\/\/homeemotion.lt\/lt\/wp-json\/wp\/v2\/product_cat?post=17221"},{"taxonomy":"product_tag","embeddable":true,"href":"https:\/\/homeemotion.lt\/lt\/wp-json\/wp\/v2\/product_tag?post=17221"}],"curies":[{"name":"wp","href":"https:\/\/api.w.org\/{rel}","templated":true}]}}