{"id":1716,"date":"2018-05-08T08:56:51","date_gmt":"2018-05-08T05:56:51","guid":{"rendered":"http:\/\/marktrading.ee\/shop\/uncategorized\/frituur-1800w-maht-25l-must\/"},"modified":"2026-04-17T17:36:31","modified_gmt":"2026-04-17T14:36:31","slug":"frituur-1800w-maht-25l-must","status":"publish","type":"product","link":"https:\/\/homeemotion.lt\/lt\/toode\/frituur-1800w-maht-25l-must\/","title":{"rendered":"\"Domo\" fritavimo indas, 2,5 l, juodas"},"content":{"rendered":"<p>Frit\u00fc\u00fcr 1800W maht 2,5L must<\/p>","protected":false},"excerpt":{"rendered":"<p>Maht 2,5 L. v\u00f5imsus 1800 W. \u00fclekuumenemiskaitse. 2 m\u00e4rgutuld (vool ja temperatuur). eemaldatav l\u00f5hnafilter. aken toidu j\u00e4lgimiseks. reguleeritav termostaat. mittenakkuva kattega \u00f5likonteiner. \u00f5likonteinerit ei saa eemaldada<\/p>\n<p>v\u00f5imsus 1800 W<\/p>","protected":false},"featured_media":16925,"template":"","meta":{"om_disable_all_campaigns":false,"_uf_show_specific_survey":0,"_uf_disable_surveys":false},"product_brand":[933],"product_cat":[1019,955,973],"product_tag":[116],"class_list":{"0":"post-1716","1":"product","2":"type-product","3":"status-publish","4":"has-post-thumbnail","6":"product_brand-domo","7":"product_cat-frituurid","8":"product_cat-kodu","9":"product_cat-koogitehnika","10":"product_tag-domo","12":"first","13":"instock","14":"taxable","15":"shipping-taxable","16":"purchasable","17":"product-type-simple"},"aioseo_notices":[],"_links":{"self":[{"href":"https:\/\/homeemotion.lt\/lt\/wp-json\/wp\/v2\/product\/1716","targetHints":{"allow":["GET"]}}],"collection":[{"href":"https:\/\/homeemotion.lt\/lt\/wp-json\/wp\/v2\/product"}],"about":[{"href":"https:\/\/homeemotion.lt\/lt\/wp-json\/wp\/v2\/types\/product"}],"wp:featuredmedia":[{"embeddable":true,"href":"https:\/\/homeemotion.lt\/lt\/wp-json\/wp\/v2\/media\/16925"}],"wp:attachment":[{"href":"https:\/\/homeemotion.lt\/lt\/wp-json\/wp\/v2\/media?parent=1716"}],"wp:term":[{"taxonomy":"product_brand","embeddable":true,"href":"https:\/\/homeemotion.lt\/lt\/wp-json\/wp\/v2\/product_brand?post=1716"},{"taxonomy":"product_cat","embeddable":true,"href":"https:\/\/homeemotion.lt\/lt\/wp-json\/wp\/v2\/product_cat?post=1716"},{"taxonomy":"product_tag","embeddable":true,"href":"https:\/\/homeemotion.lt\/lt\/wp-json\/wp\/v2\/product_tag?post=1716"}],"curies":[{"name":"wp","href":"https:\/\/api.w.org\/{rel}","templated":true}]}}