{"id":1713,"date":"2018-05-08T08:56:51","date_gmt":"2018-05-08T05:56:51","guid":{"rendered":"http:\/\/marktrading.ee\/shop\/uncategorized\/elektripliit-2-plaadiga-1000w-1500w-valge\/"},"modified":"2026-04-17T17:36:31","modified_gmt":"2026-04-17T14:36:31","slug":"elektripliit-2-plaadiga-1000w-1500w-valge","status":"publish","type":"product","link":"https:\/\/homeemotion.lt\/lt\/toode\/elektripliit-2-plaadiga-1000w-1500w-valge\/","title":{"rendered":"\"Domo\" 2 plok\u0161\u010di\u0173 virykl\u0117, balta"},"content":{"rendered":"<p>Elektripliit 2-plaadiga 1000W\/1500W valge<\/p>","protected":false},"excerpt":{"rendered":"<p>Kahe keedualaga lauapliit. keeduplaatide m\u00f5\u00f5dud: \u00d8 15,5 ja \u00d8 18,5 cm. v\u00f5imsus: 1000 W ja 1500 W. 6-astmeline termostaat. m\u00e4rgutuled<\/p>\n<p>v\u00f5imsus: 1000 W ja 1500 W<\/p>","protected":false},"featured_media":16919,"template":"","meta":{"om_disable_all_campaigns":false,"_uf_show_specific_survey":0,"_uf_disable_surveys":false},"product_brand":[933],"product_cat":[1016,955,973],"product_tag":[116],"class_list":{"0":"post-1713","1":"product","2":"type-product","3":"status-publish","4":"has-post-thumbnail","6":"product_brand-domo","7":"product_cat-elektripliidid","8":"product_cat-kodu","9":"product_cat-koogitehnika","10":"product_tag-domo","12":"first","13":"instock","14":"taxable","15":"shipping-taxable","16":"purchasable","17":"product-type-simple"},"aioseo_notices":[],"_links":{"self":[{"href":"https:\/\/homeemotion.lt\/lt\/wp-json\/wp\/v2\/product\/1713","targetHints":{"allow":["GET"]}}],"collection":[{"href":"https:\/\/homeemotion.lt\/lt\/wp-json\/wp\/v2\/product"}],"about":[{"href":"https:\/\/homeemotion.lt\/lt\/wp-json\/wp\/v2\/types\/product"}],"wp:featuredmedia":[{"embeddable":true,"href":"https:\/\/homeemotion.lt\/lt\/wp-json\/wp\/v2\/media\/16919"}],"wp:attachment":[{"href":"https:\/\/homeemotion.lt\/lt\/wp-json\/wp\/v2\/media?parent=1713"}],"wp:term":[{"taxonomy":"product_brand","embeddable":true,"href":"https:\/\/homeemotion.lt\/lt\/wp-json\/wp\/v2\/product_brand?post=1713"},{"taxonomy":"product_cat","embeddable":true,"href":"https:\/\/homeemotion.lt\/lt\/wp-json\/wp\/v2\/product_cat?post=1713"},{"taxonomy":"product_tag","embeddable":true,"href":"https:\/\/homeemotion.lt\/lt\/wp-json\/wp\/v2\/product_tag?post=1713"}],"curies":[{"name":"wp","href":"https:\/\/api.w.org\/{rel}","templated":true}]}}