{"id":1712,"date":"2018-05-08T08:56:50","date_gmt":"2018-05-08T05:56:50","guid":{"rendered":"http:\/\/marktrading.ee\/shop\/uncategorized\/elektripliit-1-plaadiga-1500w-valge\/"},"modified":"2026-04-17T17:36:31","modified_gmt":"2026-04-17T14:36:31","slug":"elektripliit-1-plaadiga-1500w-valge","status":"publish","type":"product","link":"https:\/\/homeemotion.lt\/lt\/toode\/elektripliit-1-plaadiga-1500w-valge\/","title":{"rendered":"Domo virykl\u0117, balta"},"content":{"rendered":"<p>Elektripliit 1-plaadiga 1500W valge<\/p>","protected":false},"excerpt":{"rendered":"<p>\u00dche keedualaga lauapliit. keeduplaadi l\u00e4bim\u00f5\u00f5t 18,5 cm. v\u00f5imsus 1500 W. 6-astmeline termostaat. m\u00e4rgutuli<\/p>\n<p>v\u00f5imsus 1500 W<\/p>","protected":false},"featured_media":16915,"template":"","meta":{"om_disable_all_campaigns":false,"_uf_show_specific_survey":0,"_uf_disable_surveys":false},"product_brand":[933],"product_cat":[1016,955,973],"product_tag":[116],"class_list":{"0":"post-1712","1":"product","2":"type-product","3":"status-publish","4":"has-post-thumbnail","6":"product_brand-domo","7":"product_cat-elektripliidid","8":"product_cat-kodu","9":"product_cat-koogitehnika","10":"product_tag-domo","12":"first","13":"instock","14":"taxable","15":"shipping-taxable","16":"purchasable","17":"product-type-simple"},"aioseo_notices":[],"_links":{"self":[{"href":"https:\/\/homeemotion.lt\/lt\/wp-json\/wp\/v2\/product\/1712","targetHints":{"allow":["GET"]}}],"collection":[{"href":"https:\/\/homeemotion.lt\/lt\/wp-json\/wp\/v2\/product"}],"about":[{"href":"https:\/\/homeemotion.lt\/lt\/wp-json\/wp\/v2\/types\/product"}],"wp:featuredmedia":[{"embeddable":true,"href":"https:\/\/homeemotion.lt\/lt\/wp-json\/wp\/v2\/media\/16915"}],"wp:attachment":[{"href":"https:\/\/homeemotion.lt\/lt\/wp-json\/wp\/v2\/media?parent=1712"}],"wp:term":[{"taxonomy":"product_brand","embeddable":true,"href":"https:\/\/homeemotion.lt\/lt\/wp-json\/wp\/v2\/product_brand?post=1712"},{"taxonomy":"product_cat","embeddable":true,"href":"https:\/\/homeemotion.lt\/lt\/wp-json\/wp\/v2\/product_cat?post=1712"},{"taxonomy":"product_tag","embeddable":true,"href":"https:\/\/homeemotion.lt\/lt\/wp-json\/wp\/v2\/product_tag?post=1712"}],"curies":[{"name":"wp","href":"https:\/\/api.w.org\/{rel}","templated":true}]}}