{"id":1709,"date":"2018-05-08T08:56:50","date_gmt":"2018-05-08T05:56:50","guid":{"rendered":"http:\/\/marktrading.ee\/shop\/uncategorized\/blender-x-power-1000w-3x-plastikpudel-530-530-750ml\/"},"modified":"2026-04-21T15:37:24","modified_gmt":"2026-04-21T12:37:24","slug":"blender-x-power-1000w-3x-plastikpudel-530-530-750ml","status":"publish","type":"product","link":"https:\/\/homeemotion.lt\/lt\/toode\/blender-x-power-1000w-3x-plastikpudel-530-530-750ml\/","title":{"rendered":"Blenderis \"Domo X-Power"},"content":{"rendered":"<p>Blenderis X-Power 1000W 3x plastikinis butelis 530\/ 530\/ 750ml<\/p>","protected":false},"excerpt":{"rendered":"<p>\"Nutri-blenderio\" galia 1000 W. Pridedami 3 BPA neturintys buteliukai: 530\/530\/750 ml. vienas greitis. X-Power i\u0161laiko vitaminus ir maistines med\u017eiagas. Lengvai valomas. Buteliukus galima plauti indaplov\u0117je.<\/p>\n<p>\"Nutri-blenderio\" galia 1000 W<\/p>","protected":false},"featured_media":16935,"template":"","meta":{"om_disable_all_campaigns":false,"_uf_show_specific_survey":0,"_uf_disable_surveys":false},"product_brand":[933],"product_cat":[1020,955,973],"product_tag":[116],"class_list":{"0":"post-1709","1":"product","2":"type-product","3":"status-publish","4":"has-post-thumbnail","6":"product_brand-domo","7":"product_cat-blenderid","8":"product_cat-kodu","9":"product_cat-koogitehnika","10":"product_tag-domo","12":"first","13":"instock","14":"taxable","15":"shipping-taxable","16":"purchasable","17":"product-type-simple"},"aioseo_notices":[],"_links":{"self":[{"href":"https:\/\/homeemotion.lt\/lt\/wp-json\/wp\/v2\/product\/1709","targetHints":{"allow":["GET"]}}],"collection":[{"href":"https:\/\/homeemotion.lt\/lt\/wp-json\/wp\/v2\/product"}],"about":[{"href":"https:\/\/homeemotion.lt\/lt\/wp-json\/wp\/v2\/types\/product"}],"wp:featuredmedia":[{"embeddable":true,"href":"https:\/\/homeemotion.lt\/lt\/wp-json\/wp\/v2\/media\/16935"}],"wp:attachment":[{"href":"https:\/\/homeemotion.lt\/lt\/wp-json\/wp\/v2\/media?parent=1709"}],"wp:term":[{"taxonomy":"product_brand","embeddable":true,"href":"https:\/\/homeemotion.lt\/lt\/wp-json\/wp\/v2\/product_brand?post=1709"},{"taxonomy":"product_cat","embeddable":true,"href":"https:\/\/homeemotion.lt\/lt\/wp-json\/wp\/v2\/product_cat?post=1709"},{"taxonomy":"product_tag","embeddable":true,"href":"https:\/\/homeemotion.lt\/lt\/wp-json\/wp\/v2\/product_tag?post=1709"}],"curies":[{"name":"wp","href":"https:\/\/api.w.org\/{rel}","templated":true}]}}