{"id":1702,"date":"2018-05-08T08:56:49","date_gmt":"2018-05-08T05:56:49","guid":{"rendered":"http:\/\/marktrading.ee\/shop\/uncategorized\/aroomi-difuuser-puidu-imitatsiooniga-veemahuti-200ml-auto-off\/"},"modified":"2026-04-17T19:11:26","modified_gmt":"2026-04-17T16:11:26","slug":"aroomi-difuuser-puidu-imitatsiooniga-veemahuti-200ml-auto-off","status":"publish","type":"product","link":"https:\/\/homeemotion.lt\/lt\/toode\/aroomi-difuuser-puidu-imitatsiooniga-veemahuti-200ml-auto-off\/","title":{"rendered":"Kvepal\u0173 difuzorius Domo, med\u017eio imitacija"},"content":{"rendered":"<p>Aroomi difuuser puidu imitatsiooniga veemahuti 200ml auto off<\/p>","protected":false},"excerpt":{"rendered":"<p>Eeterliku \u00f5liga t\u00f6\u00f6tav aroomiteraapia seade. aitab leevendada f\u00fc\u00fcsilist ja vaimset pinget. korpuse viimistlus: puidu imitatsioon. kerge kasutada, sisse- ja v\u00e4ljal\u00fclitamise nupp, 3 funktsiooni. automaatne v\u00e4ljal\u00fclitus. veepaagi maht: 200 ml<\/p>","protected":false},"featured_media":16966,"template":"","meta":{"om_disable_all_campaigns":false,"_uf_show_specific_survey":0,"_uf_disable_surveys":false},"product_brand":[933],"product_cat":[1036,955,1015],"product_tag":[116],"class_list":{"0":"post-1702","1":"product","2":"type-product","3":"status-publish","4":"has-post-thumbnail","6":"product_brand-domo","7":"product_cat-aroomi-difuuserid","8":"product_cat-kodu","9":"product_cat-kodutehnika-kodu","10":"product_tag-domo","12":"first","13":"instock","14":"taxable","15":"shipping-taxable","16":"purchasable","17":"product-type-simple"},"aioseo_notices":[],"_links":{"self":[{"href":"https:\/\/homeemotion.lt\/lt\/wp-json\/wp\/v2\/product\/1702","targetHints":{"allow":["GET"]}}],"collection":[{"href":"https:\/\/homeemotion.lt\/lt\/wp-json\/wp\/v2\/product"}],"about":[{"href":"https:\/\/homeemotion.lt\/lt\/wp-json\/wp\/v2\/types\/product"}],"wp:featuredmedia":[{"embeddable":true,"href":"https:\/\/homeemotion.lt\/lt\/wp-json\/wp\/v2\/media\/16966"}],"wp:attachment":[{"href":"https:\/\/homeemotion.lt\/lt\/wp-json\/wp\/v2\/media?parent=1702"}],"wp:term":[{"taxonomy":"product_brand","embeddable":true,"href":"https:\/\/homeemotion.lt\/lt\/wp-json\/wp\/v2\/product_brand?post=1702"},{"taxonomy":"product_cat","embeddable":true,"href":"https:\/\/homeemotion.lt\/lt\/wp-json\/wp\/v2\/product_cat?post=1702"},{"taxonomy":"product_tag","embeddable":true,"href":"https:\/\/homeemotion.lt\/lt\/wp-json\/wp\/v2\/product_tag?post=1702"}],"curies":[{"name":"wp","href":"https:\/\/api.w.org\/{rel}","templated":true}]}}