{"id":16503,"date":"2025-11-14T15:12:41","date_gmt":"2025-11-14T12:12:41","guid":{"rendered":"https:\/\/homeemotion.lt\/toode\/juukseloikur-adler-vooluvorgust-must-punane\/"},"modified":"2026-04-17T14:38:01","modified_gmt":"2026-04-17T11:38:01","slug":"juukseloikur-adler-vooluvorgust-must-punane","status":"publish","type":"product","link":"https:\/\/homeemotion.lt\/lt\/toode\/juukseloikur-adler-vooluvorgust-must-punane\/","title":{"rendered":"\"Adler\" tinklo plauk\u0173 kirpimo ma\u0161in\u0117l\u0117, juoda\/raudona"},"content":{"rendered":"","protected":false},"excerpt":{"rendered":"","protected":false},"featured_media":0,"template":"","meta":{"om_disable_all_campaigns":false,"_uf_show_specific_survey":0,"_uf_disable_surveys":false},"product_brand":[1095],"product_cat":[985,986,991],"product_tag":[610],"class_list":{"0":"post-16503","1":"product","2":"type-product","3":"status-publish","5":"product_brand-adler","6":"product_cat-ilu","7":"product_cat-ilutooted","8":"product_cat-trimmerid","9":"product_tag-adler","11":"first","12":"instock","13":"taxable","14":"shipping-taxable","15":"purchasable","16":"product-type-simple"},"aioseo_notices":[],"_links":{"self":[{"href":"https:\/\/homeemotion.lt\/lt\/wp-json\/wp\/v2\/product\/16503","targetHints":{"allow":["GET"]}}],"collection":[{"href":"https:\/\/homeemotion.lt\/lt\/wp-json\/wp\/v2\/product"}],"about":[{"href":"https:\/\/homeemotion.lt\/lt\/wp-json\/wp\/v2\/types\/product"}],"wp:attachment":[{"href":"https:\/\/homeemotion.lt\/lt\/wp-json\/wp\/v2\/media?parent=16503"}],"wp:term":[{"taxonomy":"product_brand","embeddable":true,"href":"https:\/\/homeemotion.lt\/lt\/wp-json\/wp\/v2\/product_brand?post=16503"},{"taxonomy":"product_cat","embeddable":true,"href":"https:\/\/homeemotion.lt\/lt\/wp-json\/wp\/v2\/product_cat?post=16503"},{"taxonomy":"product_tag","embeddable":true,"href":"https:\/\/homeemotion.lt\/lt\/wp-json\/wp\/v2\/product_tag?post=16503"}],"curies":[{"name":"wp","href":"https:\/\/api.w.org\/{rel}","templated":true}]}}