{"id":16406,"date":"2025-10-29T15:12:53","date_gmt":"2025-10-29T12:12:53","guid":{"rendered":"https:\/\/homeemotion.lt\/toode\/lokitangid-babyliss-curl-secret-grey\/"},"modified":"2026-04-17T17:36:29","modified_gmt":"2026-04-17T14:36:29","slug":"lokitangid-babyliss-curl-secret-grey","status":"publish","type":"product","link":"https:\/\/homeemotion.lt\/lt\/toode\/lokitangid-babyliss-curl-secret-grey\/","title":{"rendered":"Plauk\u0173 galiukai Babyliss Curl Secret, pilka"},"content":{"rendered":"","protected":false},"excerpt":{"rendered":"<p>Keraamiline p\u00f6\u00f6rleva otsikuga lokitangid. Ionic (staatilise elektri v\u00e4hendamine). 3 temperatuuris\u00e4tet: 180, 200, 230 \u00b0C. 3 automaatset s\u00e4tet: tihedad lokid, pehmed lokid ja lained. 3 taimeri s\u00e4tet (8, 10 ja 12 sekundit). Lokkimissuuna vahetamine: parem, vasak, vaheldumisi. LCD ekraan, helisignaal. Automaatne v\u00e4ljal\u00fclitus<\/p>","protected":false},"featured_media":0,"template":"","meta":{"om_disable_all_campaigns":false,"_uf_show_specific_survey":0,"_uf_disable_surveys":false},"product_brand":[1087],"product_cat":[985,986,987],"product_tag":[19],"class_list":{"0":"post-16406","1":"product","2":"type-product","3":"status-publish","5":"product_brand-babyliss","6":"product_cat-ilu","7":"product_cat-ilutooted","8":"product_cat-lokitangid","9":"product_tag-babyliss","11":"first","12":"instock","13":"taxable","14":"shipping-taxable","15":"purchasable","16":"product-type-simple"},"aioseo_notices":[],"_links":{"self":[{"href":"https:\/\/homeemotion.lt\/lt\/wp-json\/wp\/v2\/product\/16406","targetHints":{"allow":["GET"]}}],"collection":[{"href":"https:\/\/homeemotion.lt\/lt\/wp-json\/wp\/v2\/product"}],"about":[{"href":"https:\/\/homeemotion.lt\/lt\/wp-json\/wp\/v2\/types\/product"}],"wp:attachment":[{"href":"https:\/\/homeemotion.lt\/lt\/wp-json\/wp\/v2\/media?parent=16406"}],"wp:term":[{"taxonomy":"product_brand","embeddable":true,"href":"https:\/\/homeemotion.lt\/lt\/wp-json\/wp\/v2\/product_brand?post=16406"},{"taxonomy":"product_cat","embeddable":true,"href":"https:\/\/homeemotion.lt\/lt\/wp-json\/wp\/v2\/product_cat?post=16406"},{"taxonomy":"product_tag","embeddable":true,"href":"https:\/\/homeemotion.lt\/lt\/wp-json\/wp\/v2\/product_tag?post=16406"}],"curies":[{"name":"wp","href":"https:\/\/api.w.org\/{rel}","templated":true}]}}