{"id":16248,"date":"2025-10-16T11:17:53","date_gmt":"2025-10-16T08:17:53","guid":{"rendered":"https:\/\/homeemotion.lt\/toode\/espressomasin-pro-domo-1620w-veskiga-20-bar\/"},"modified":"2026-04-17T20:36:26","modified_gmt":"2026-04-17T17:36:26","slug":"espressomasin-pro-domo-1620w-veskiga-20-bar","status":"publish","type":"product","link":"https:\/\/homeemotion.lt\/lt\/toode\/espressomasin-pro-domo-1620w-veskiga-20-bar\/","title":{"rendered":"*Espreso aparatas PRO Domo, 1620 W, su mal\u016bn\u0117liu, 20 bar\u0173"},"content":{"rendered":"","protected":false},"excerpt":{"rendered":"","protected":false},"featured_media":0,"template":"","meta":{"om_disable_all_campaigns":false,"_uf_show_specific_survey":0,"_uf_disable_surveys":false},"product_brand":[933],"product_cat":[955,1021,973],"product_tag":[116],"class_list":{"0":"post-16248","1":"product","2":"type-product","3":"status-publish","5":"product_brand-domo","6":"product_cat-kodu","7":"product_cat-kohvimasinad","8":"product_cat-koogitehnika","9":"product_tag-domo","11":"first","12":"instock","13":"taxable","14":"shipping-taxable","15":"purchasable","16":"product-type-simple"},"aioseo_notices":[],"_links":{"self":[{"href":"https:\/\/homeemotion.lt\/lt\/wp-json\/wp\/v2\/product\/16248","targetHints":{"allow":["GET"]}}],"collection":[{"href":"https:\/\/homeemotion.lt\/lt\/wp-json\/wp\/v2\/product"}],"about":[{"href":"https:\/\/homeemotion.lt\/lt\/wp-json\/wp\/v2\/types\/product"}],"wp:attachment":[{"href":"https:\/\/homeemotion.lt\/lt\/wp-json\/wp\/v2\/media?parent=16248"}],"wp:term":[{"taxonomy":"product_brand","embeddable":true,"href":"https:\/\/homeemotion.lt\/lt\/wp-json\/wp\/v2\/product_brand?post=16248"},{"taxonomy":"product_cat","embeddable":true,"href":"https:\/\/homeemotion.lt\/lt\/wp-json\/wp\/v2\/product_cat?post=16248"},{"taxonomy":"product_tag","embeddable":true,"href":"https:\/\/homeemotion.lt\/lt\/wp-json\/wp\/v2\/product_tag?post=16248"}],"curies":[{"name":"wp","href":"https:\/\/api.w.org\/{rel}","templated":true}]}}