{"id":16216,"date":"2025-09-30T08:26:30","date_gmt":"2025-09-30T05:26:30","guid":{"rendered":"https:\/\/homeemotion.lt\/toode\/roster-botti-800w-2-le-viilule-valge\/"},"modified":"2026-04-17T20:11:59","modified_gmt":"2026-04-17T17:11:59","slug":"roster-botti-800w-2-le-viilule-valge","status":"publish","type":"product","link":"https:\/\/homeemotion.lt\/lt\/toode\/roster-botti-800w-2-le-viilule-valge\/","title":{"rendered":"*R\u00f6ster Botti 800W, skirtas 2 grie\u017ein\u0117liams, baltos spalvos"},"content":{"rendered":"","protected":false},"excerpt":{"rendered":"","protected":false},"featured_media":0,"template":"","meta":{"om_disable_all_campaigns":false,"_uf_show_specific_survey":0,"_uf_disable_surveys":false},"product_brand":[1099],"product_cat":[109],"product_tag":[585],"class_list":{"0":"post-16216","1":"product","2":"type-product","3":"status-publish","5":"product_brand-botti","6":"product_cat-uncategorized","7":"product_tag-botti","9":"first","10":"instock","11":"taxable","12":"shipping-taxable","13":"purchasable","14":"product-type-simple"},"aioseo_notices":[],"_links":{"self":[{"href":"https:\/\/homeemotion.lt\/lt\/wp-json\/wp\/v2\/product\/16216","targetHints":{"allow":["GET"]}}],"collection":[{"href":"https:\/\/homeemotion.lt\/lt\/wp-json\/wp\/v2\/product"}],"about":[{"href":"https:\/\/homeemotion.lt\/lt\/wp-json\/wp\/v2\/types\/product"}],"wp:attachment":[{"href":"https:\/\/homeemotion.lt\/lt\/wp-json\/wp\/v2\/media?parent=16216"}],"wp:term":[{"taxonomy":"product_brand","embeddable":true,"href":"https:\/\/homeemotion.lt\/lt\/wp-json\/wp\/v2\/product_brand?post=16216"},{"taxonomy":"product_cat","embeddable":true,"href":"https:\/\/homeemotion.lt\/lt\/wp-json\/wp\/v2\/product_cat?post=16216"},{"taxonomy":"product_tag","embeddable":true,"href":"https:\/\/homeemotion.lt\/lt\/wp-json\/wp\/v2\/product_tag?post=16216"}],"curies":[{"name":"wp","href":"https:\/\/api.w.org\/{rel}","templated":true}]}}