{"id":16185,"date":"2025-09-30T05:26:52","date_gmt":"2025-09-30T02:26:52","guid":{"rendered":"https:\/\/homeemotion.lt\/toode\/juuksesirgendaja-babyliss-ceramic-kate-2-astet-200c-230c\/"},"modified":"2026-04-17T17:36:37","modified_gmt":"2026-04-17T14:36:37","slug":"juuksesirgendaja-babyliss-ceramic-kate-2-astet-200c-230c","status":"publish","type":"product","link":"https:\/\/homeemotion.lt\/lt\/toode\/juuksesirgendaja-babyliss-ceramic-kate-2-astet-200c-230c\/","title":{"rendered":"Plauk\u0173 tiesinimo \u017enypl\u0117 \"Babyliss\", keraminis dangtelis, 2 nustatymai 200\u00b0C- 230\u00b0C"},"content":{"rendered":"","protected":false},"excerpt":{"rendered":"","protected":false},"featured_media":0,"template":"","meta":{"om_disable_all_campaigns":false,"_uf_show_specific_survey":0,"_uf_disable_surveys":false},"product_brand":[1087],"product_cat":[985,986,1067],"product_tag":[19],"class_list":{"0":"post-16185","1":"product","2":"type-product","3":"status-publish","5":"product_brand-babyliss","6":"product_cat-ilu","7":"product_cat-ilutooted","8":"product_cat-juuksesirgendaja","9":"product_tag-babyliss","11":"first","12":"instock","13":"taxable","14":"shipping-taxable","15":"purchasable","16":"product-type-simple"},"aioseo_notices":[],"_links":{"self":[{"href":"https:\/\/homeemotion.lt\/lt\/wp-json\/wp\/v2\/product\/16185","targetHints":{"allow":["GET"]}}],"collection":[{"href":"https:\/\/homeemotion.lt\/lt\/wp-json\/wp\/v2\/product"}],"about":[{"href":"https:\/\/homeemotion.lt\/lt\/wp-json\/wp\/v2\/types\/product"}],"wp:attachment":[{"href":"https:\/\/homeemotion.lt\/lt\/wp-json\/wp\/v2\/media?parent=16185"}],"wp:term":[{"taxonomy":"product_brand","embeddable":true,"href":"https:\/\/homeemotion.lt\/lt\/wp-json\/wp\/v2\/product_brand?post=16185"},{"taxonomy":"product_cat","embeddable":true,"href":"https:\/\/homeemotion.lt\/lt\/wp-json\/wp\/v2\/product_cat?post=16185"},{"taxonomy":"product_tag","embeddable":true,"href":"https:\/\/homeemotion.lt\/lt\/wp-json\/wp\/v2\/product_tag?post=16185"}],"curies":[{"name":"wp","href":"https:\/\/api.w.org\/{rel}","templated":true}]}}