{"id":16173,"date":"2025-09-30T05:26:39","date_gmt":"2025-09-30T02:26:39","guid":{"rendered":"https:\/\/homeemotion.lt\/toode\/aurutriikraud-botti-ferio-3000w-keraamiline-tald-vertikaalne-aur-auto-off\/"},"modified":"2026-04-18T05:14:43","modified_gmt":"2026-04-18T02:14:43","slug":"aurutriikraud-botti-ferio-3000w-keraamiline-tald-vertikaalne-aur-auto-off","status":"publish","type":"product","link":"https:\/\/homeemotion.lt\/lt\/toode\/aurutriikraud-botti-ferio-3000w-keraamiline-tald-vertikaalne-aur-auto-off\/","title":{"rendered":"*Automatinis lygintuvas \"Botti Ferio\" 3000 W, keramin\u0117 pad\u0117klo plok\u0161t\u0117, vertikal\u016bs garai, automatinis i\u0161jungimas"},"content":{"rendered":"","protected":false},"excerpt":{"rendered":"","protected":false},"featured_media":0,"template":"","meta":{"om_disable_all_campaigns":false,"_uf_show_specific_survey":0,"_uf_disable_surveys":false},"product_brand":[1099],"product_cat":[109],"product_tag":[585],"class_list":{"0":"post-16173","1":"product","2":"type-product","3":"status-publish","5":"product_brand-botti","6":"product_cat-uncategorized","7":"product_tag-botti","9":"first","10":"instock","11":"taxable","12":"shipping-taxable","13":"purchasable","14":"product-type-simple"},"aioseo_notices":[],"_links":{"self":[{"href":"https:\/\/homeemotion.lt\/lt\/wp-json\/wp\/v2\/product\/16173","targetHints":{"allow":["GET"]}}],"collection":[{"href":"https:\/\/homeemotion.lt\/lt\/wp-json\/wp\/v2\/product"}],"about":[{"href":"https:\/\/homeemotion.lt\/lt\/wp-json\/wp\/v2\/types\/product"}],"wp:attachment":[{"href":"https:\/\/homeemotion.lt\/lt\/wp-json\/wp\/v2\/media?parent=16173"}],"wp:term":[{"taxonomy":"product_brand","embeddable":true,"href":"https:\/\/homeemotion.lt\/lt\/wp-json\/wp\/v2\/product_brand?post=16173"},{"taxonomy":"product_cat","embeddable":true,"href":"https:\/\/homeemotion.lt\/lt\/wp-json\/wp\/v2\/product_cat?post=16173"},{"taxonomy":"product_tag","embeddable":true,"href":"https:\/\/homeemotion.lt\/lt\/wp-json\/wp\/v2\/product_tag?post=16173"}],"curies":[{"name":"wp","href":"https:\/\/api.w.org\/{rel}","templated":true}]}}