{"id":16164,"date":"2025-09-30T05:26:31","date_gmt":"2025-09-30T02:26:31","guid":{"rendered":"https:\/\/homeemotion.lt\/toode\/trimmer-babyliss-motoriseeritud-korguseregulaator-24-korgust-veekindel\/"},"modified":"2026-04-17T20:36:33","modified_gmt":"2026-04-17T17:36:33","slug":"trimmer-babyliss-motoriseeritud-korguseregulaator-24-korgust-veekindel","status":"publish","type":"product","link":"https:\/\/homeemotion.lt\/lt\/toode\/trimmer-babyliss-motoriseeritud-korguseregulaator-24-korgust-veekindel\/","title":{"rendered":"\u017doliapjov\u0117 \"Babyliss\", variklinis auk\u0161\u010dio reguliavimas, 24 auk\u0161\u010diai, atspari vandeniui"},"content":{"rendered":"","protected":false},"excerpt":{"rendered":"","protected":false},"featured_media":0,"template":"","meta":{"om_disable_all_campaigns":false,"_uf_show_specific_survey":0,"_uf_disable_surveys":false},"product_brand":[1087],"product_cat":[985,986,991],"product_tag":[19],"class_list":{"0":"post-16164","1":"product","2":"type-product","3":"status-publish","5":"product_brand-babyliss","6":"product_cat-ilu","7":"product_cat-ilutooted","8":"product_cat-trimmerid","9":"product_tag-babyliss","11":"first","12":"instock","13":"taxable","14":"shipping-taxable","15":"purchasable","16":"product-type-simple"},"aioseo_notices":[],"_links":{"self":[{"href":"https:\/\/homeemotion.lt\/lt\/wp-json\/wp\/v2\/product\/16164","targetHints":{"allow":["GET"]}}],"collection":[{"href":"https:\/\/homeemotion.lt\/lt\/wp-json\/wp\/v2\/product"}],"about":[{"href":"https:\/\/homeemotion.lt\/lt\/wp-json\/wp\/v2\/types\/product"}],"wp:attachment":[{"href":"https:\/\/homeemotion.lt\/lt\/wp-json\/wp\/v2\/media?parent=16164"}],"wp:term":[{"taxonomy":"product_brand","embeddable":true,"href":"https:\/\/homeemotion.lt\/lt\/wp-json\/wp\/v2\/product_brand?post=16164"},{"taxonomy":"product_cat","embeddable":true,"href":"https:\/\/homeemotion.lt\/lt\/wp-json\/wp\/v2\/product_cat?post=16164"},{"taxonomy":"product_tag","embeddable":true,"href":"https:\/\/homeemotion.lt\/lt\/wp-json\/wp\/v2\/product_tag?post=16164"}],"curies":[{"name":"wp","href":"https:\/\/api.w.org\/{rel}","templated":true}]}}