{"id":16111,"date":"2025-09-30T01:24:45","date_gmt":"2025-09-29T22:24:45","guid":{"rendered":"https:\/\/homeemotion.lt\/toode\/tark-kodukolar-sonos-one-sl-valge\/"},"modified":"2026-04-17T19:11:38","modified_gmt":"2026-04-17T16:11:38","slug":"tark-kodukolar-sonos-one-sl-valge","status":"publish","type":"product","link":"https:\/\/homeemotion.lt\/lt\/toode\/tark-kodukolar-sonos-one-sl-valge\/","title":{"rendered":"\"Sonos One SL\" i\u0161manioji nam\u0173 kolon\u0117l\u0117, balta"},"content":{"rendered":"","protected":false},"excerpt":{"rendered":"","protected":false},"featured_media":0,"template":"","meta":{"om_disable_all_campaigns":false,"_uf_show_specific_survey":0,"_uf_disable_surveys":false},"product_brand":[1133],"product_cat":[109],"product_tag":[616],"class_list":{"0":"post-16111","1":"product","2":"type-product","3":"status-publish","5":"product_brand-sonos","6":"product_cat-uncategorized","7":"product_tag-sonos","9":"first","10":"instock","11":"taxable","12":"shipping-taxable","13":"purchasable","14":"product-type-simple"},"aioseo_notices":[],"_links":{"self":[{"href":"https:\/\/homeemotion.lt\/lt\/wp-json\/wp\/v2\/product\/16111","targetHints":{"allow":["GET"]}}],"collection":[{"href":"https:\/\/homeemotion.lt\/lt\/wp-json\/wp\/v2\/product"}],"about":[{"href":"https:\/\/homeemotion.lt\/lt\/wp-json\/wp\/v2\/types\/product"}],"wp:attachment":[{"href":"https:\/\/homeemotion.lt\/lt\/wp-json\/wp\/v2\/media?parent=16111"}],"wp:term":[{"taxonomy":"product_brand","embeddable":true,"href":"https:\/\/homeemotion.lt\/lt\/wp-json\/wp\/v2\/product_brand?post=16111"},{"taxonomy":"product_cat","embeddable":true,"href":"https:\/\/homeemotion.lt\/lt\/wp-json\/wp\/v2\/product_cat?post=16111"},{"taxonomy":"product_tag","embeddable":true,"href":"https:\/\/homeemotion.lt\/lt\/wp-json\/wp\/v2\/product_tag?post=16111"}],"curies":[{"name":"wp","href":"https:\/\/api.w.org\/{rel}","templated":true}]}}