{"id":16081,"date":"2025-09-30T00:30:03","date_gmt":"2025-09-29T21:30:03","guid":{"rendered":"https:\/\/homeemotion.lt\/toode\/koogikaal-kausiga-mesko-5kg-lcd-displei-metall\/"},"modified":"2026-04-19T19:38:44","modified_gmt":"2026-04-19T16:38:44","slug":"koogikaal-kausiga-mesko-5kg-lcd-displei-metall","status":"publish","type":"product","link":"https:\/\/homeemotion.lt\/lt\/toode\/koogikaal-kausiga-mesko-5kg-lcd-displei-metall\/","title":{"rendered":"Virtuvin\u0117s svarstykl\u0117s su duben\u0117liu Mesko 5kg, LCD ekranas, metalin\u0117s"},"content":{"rendered":"","protected":false},"excerpt":{"rendered":"","protected":false},"featured_media":0,"template":"","meta":{"om_disable_all_campaigns":false,"_uf_show_specific_survey":0,"_uf_disable_surveys":false},"product_brand":[1129],"product_cat":[109],"product_tag":[726],"class_list":{"0":"post-16081","1":"product","2":"type-product","3":"status-publish","5":"product_brand-mesko","6":"product_cat-uncategorized","7":"product_tag-mesko","9":"first","10":"instock","11":"taxable","12":"shipping-taxable","13":"purchasable","14":"product-type-simple"},"aioseo_notices":[],"_links":{"self":[{"href":"https:\/\/homeemotion.lt\/lt\/wp-json\/wp\/v2\/product\/16081","targetHints":{"allow":["GET"]}}],"collection":[{"href":"https:\/\/homeemotion.lt\/lt\/wp-json\/wp\/v2\/product"}],"about":[{"href":"https:\/\/homeemotion.lt\/lt\/wp-json\/wp\/v2\/types\/product"}],"wp:attachment":[{"href":"https:\/\/homeemotion.lt\/lt\/wp-json\/wp\/v2\/media?parent=16081"}],"wp:term":[{"taxonomy":"product_brand","embeddable":true,"href":"https:\/\/homeemotion.lt\/lt\/wp-json\/wp\/v2\/product_brand?post=16081"},{"taxonomy":"product_cat","embeddable":true,"href":"https:\/\/homeemotion.lt\/lt\/wp-json\/wp\/v2\/product_cat?post=16081"},{"taxonomy":"product_tag","embeddable":true,"href":"https:\/\/homeemotion.lt\/lt\/wp-json\/wp\/v2\/product_tag?post=16081"}],"curies":[{"name":"wp","href":"https:\/\/api.w.org\/{rel}","templated":true}]}}