{"id":16069,"date":"2025-09-30T00:29:55","date_gmt":"2025-09-29T21:29:55","guid":{"rendered":"https:\/\/homeemotion.lt\/toode\/mikrolaineahi-grilliga-retro-must-2\/"},"modified":"2026-04-17T20:11:54","modified_gmt":"2026-04-17T17:11:54","slug":"mikrolaineahi-grilliga-retro-must-2","status":"publish","type":"product","link":"https:\/\/homeemotion.lt\/lt\/toode\/mikrolaineahi-grilliga-retro-must-2\/","title":{"rendered":"Mikrobang\u0173 krosnel\u0117 su grotel\u0117mis, retro, juoda"},"content":{"rendered":"","protected":false},"excerpt":{"rendered":"","protected":false},"featured_media":0,"template":"","meta":{"om_disable_all_campaigns":false,"_uf_show_specific_survey":0,"_uf_disable_surveys":false},"product_brand":[1128],"product_cat":[109],"product_tag":[725],"class_list":{"0":"post-16069","1":"product","2":"type-product","3":"status-publish","5":"product_brand-gorenje","6":"product_cat-uncategorized","7":"product_tag-gorenje","9":"first","10":"instock","11":"taxable","12":"shipping-taxable","13":"purchasable","14":"product-type-simple"},"aioseo_notices":[],"_links":{"self":[{"href":"https:\/\/homeemotion.lt\/lt\/wp-json\/wp\/v2\/product\/16069","targetHints":{"allow":["GET"]}}],"collection":[{"href":"https:\/\/homeemotion.lt\/lt\/wp-json\/wp\/v2\/product"}],"about":[{"href":"https:\/\/homeemotion.lt\/lt\/wp-json\/wp\/v2\/types\/product"}],"wp:attachment":[{"href":"https:\/\/homeemotion.lt\/lt\/wp-json\/wp\/v2\/media?parent=16069"}],"wp:term":[{"taxonomy":"product_brand","embeddable":true,"href":"https:\/\/homeemotion.lt\/lt\/wp-json\/wp\/v2\/product_brand?post=16069"},{"taxonomy":"product_cat","embeddable":true,"href":"https:\/\/homeemotion.lt\/lt\/wp-json\/wp\/v2\/product_cat?post=16069"},{"taxonomy":"product_tag","embeddable":true,"href":"https:\/\/homeemotion.lt\/lt\/wp-json\/wp\/v2\/product_tag?post=16069"}],"curies":[{"name":"wp","href":"https:\/\/api.w.org\/{rel}","templated":true}]}}