{"id":16068,"date":"2025-09-30T00:12:54","date_gmt":"2025-09-29T21:12:54","guid":{"rendered":"https:\/\/homeemotion.lt\/toode\/mikrolaineahi-grilliga-retro-must\/"},"modified":"2025-09-30T00:12:54","modified_gmt":"2025-09-29T21:12:54","slug":"mikrolaineahi-grilliga-retro-must","status":"publish","type":"product","link":"https:\/\/homeemotion.lt\/lt\/toode\/mikrolaineahi-grilliga-retro-must\/","title":{"rendered":"Mikrobang\u0173 krosnel\u0117 su grotel\u0117mis, retro, juoda"},"content":{"rendered":"","protected":false},"excerpt":{"rendered":"","protected":false},"featured_media":0,"template":"","meta":{"om_disable_all_campaigns":false,"_uf_show_specific_survey":0,"_uf_disable_surveys":false},"product_brand":[],"product_cat":[109],"product_tag":[],"class_list":{"0":"post-16068","1":"product","2":"type-product","3":"status-publish","5":"product_cat-uncategorized","7":"first","8":"instock","9":"taxable","10":"shipping-taxable","11":"product-type-simple"},"aioseo_notices":[],"_links":{"self":[{"href":"https:\/\/homeemotion.lt\/lt\/wp-json\/wp\/v2\/product\/16068","targetHints":{"allow":["GET"]}}],"collection":[{"href":"https:\/\/homeemotion.lt\/lt\/wp-json\/wp\/v2\/product"}],"about":[{"href":"https:\/\/homeemotion.lt\/lt\/wp-json\/wp\/v2\/types\/product"}],"wp:attachment":[{"href":"https:\/\/homeemotion.lt\/lt\/wp-json\/wp\/v2\/media?parent=16068"}],"wp:term":[{"taxonomy":"product_brand","embeddable":true,"href":"https:\/\/homeemotion.lt\/lt\/wp-json\/wp\/v2\/product_brand?post=16068"},{"taxonomy":"product_cat","embeddable":true,"href":"https:\/\/homeemotion.lt\/lt\/wp-json\/wp\/v2\/product_cat?post=16068"},{"taxonomy":"product_tag","embeddable":true,"href":"https:\/\/homeemotion.lt\/lt\/wp-json\/wp\/v2\/product_tag?post=16068"}],"curies":[{"name":"wp","href":"https:\/\/api.w.org\/{rel}","templated":true}]}}