{"id":16064,"date":"2025-09-30T00:12:51","date_gmt":"2025-09-29T21:12:51","guid":{"rendered":"https:\/\/homeemotion.lt\/toode\/roivaauruti-valge-minilyse-steamone\/"},"modified":"2026-04-17T22:12:19","modified_gmt":"2026-04-17T19:12:19","slug":"roivaauruti-valge-minilyse-steamone","status":"publish","type":"product","link":"https:\/\/homeemotion.lt\/lt\/toode\/roivaauruti-valge-minilyse-steamone\/","title":{"rendered":"Drabu\u017ei\u0173 d\u017eiovykl\u0117 balta \"Minilyse\", \"SteamOne"},"content":{"rendered":"","protected":false},"excerpt":{"rendered":"","protected":false},"featured_media":0,"template":"","meta":{"om_disable_all_campaigns":false,"_uf_show_specific_survey":0,"_uf_disable_surveys":false},"product_brand":[1112],"product_cat":[109],"product_tag":[696],"class_list":{"0":"post-16064","1":"product","2":"type-product","3":"status-publish","5":"product_brand-steamone","6":"product_cat-uncategorized","7":"product_tag-steamone","9":"first","10":"instock","11":"taxable","12":"shipping-taxable","13":"purchasable","14":"product-type-simple"},"aioseo_notices":[],"_links":{"self":[{"href":"https:\/\/homeemotion.lt\/lt\/wp-json\/wp\/v2\/product\/16064","targetHints":{"allow":["GET"]}}],"collection":[{"href":"https:\/\/homeemotion.lt\/lt\/wp-json\/wp\/v2\/product"}],"about":[{"href":"https:\/\/homeemotion.lt\/lt\/wp-json\/wp\/v2\/types\/product"}],"wp:attachment":[{"href":"https:\/\/homeemotion.lt\/lt\/wp-json\/wp\/v2\/media?parent=16064"}],"wp:term":[{"taxonomy":"product_brand","embeddable":true,"href":"https:\/\/homeemotion.lt\/lt\/wp-json\/wp\/v2\/product_brand?post=16064"},{"taxonomy":"product_cat","embeddable":true,"href":"https:\/\/homeemotion.lt\/lt\/wp-json\/wp\/v2\/product_cat?post=16064"},{"taxonomy":"product_tag","embeddable":true,"href":"https:\/\/homeemotion.lt\/lt\/wp-json\/wp\/v2\/product_tag?post=16064"}],"curies":[{"name":"wp","href":"https:\/\/api.w.org\/{rel}","templated":true}]}}