{"id":16028,"date":"2025-09-30T00:12:19","date_gmt":"2025-09-29T21:12:19","guid":{"rendered":"https:\/\/homeemotion.lt\/toode\/essential-oil-blue-chamomile-10-ml\/"},"modified":"2026-04-17T22:12:18","modified_gmt":"2026-04-17T19:12:18","slug":"essential-oil-blue-chamomile-10-ml","status":"publish","type":"product","link":"https:\/\/homeemotion.lt\/lt\/toode\/essential-oil-blue-chamomile-10-ml\/","title":{"rendered":"*Esencinis aliejus M\u0117lynoji ramun\u0117l\u0117, 10 ml"},"content":{"rendered":"","protected":false},"excerpt":{"rendered":"","protected":false},"featured_media":0,"template":"","meta":{"om_disable_all_campaigns":false,"_uf_show_specific_survey":0,"_uf_disable_surveys":false},"product_brand":[1120],"product_cat":[109],"product_tag":[714],"class_list":{"0":"post-16028","1":"product","2":"type-product","3":"status-publish","5":"product_brand-lemongrass-house","6":"product_cat-uncategorized","7":"product_tag-lemongrass-house","9":"first","10":"instock","11":"taxable","12":"shipping-taxable","13":"purchasable","14":"product-type-simple"},"aioseo_notices":[],"_links":{"self":[{"href":"https:\/\/homeemotion.lt\/lt\/wp-json\/wp\/v2\/product\/16028","targetHints":{"allow":["GET"]}}],"collection":[{"href":"https:\/\/homeemotion.lt\/lt\/wp-json\/wp\/v2\/product"}],"about":[{"href":"https:\/\/homeemotion.lt\/lt\/wp-json\/wp\/v2\/types\/product"}],"wp:attachment":[{"href":"https:\/\/homeemotion.lt\/lt\/wp-json\/wp\/v2\/media?parent=16028"}],"wp:term":[{"taxonomy":"product_brand","embeddable":true,"href":"https:\/\/homeemotion.lt\/lt\/wp-json\/wp\/v2\/product_brand?post=16028"},{"taxonomy":"product_cat","embeddable":true,"href":"https:\/\/homeemotion.lt\/lt\/wp-json\/wp\/v2\/product_cat?post=16028"},{"taxonomy":"product_tag","embeddable":true,"href":"https:\/\/homeemotion.lt\/lt\/wp-json\/wp\/v2\/product_tag?post=16028"}],"curies":[{"name":"wp","href":"https:\/\/api.w.org\/{rel}","templated":true}]}}