{"id":16010,"date":"2025-09-30T00:12:06","date_gmt":"2025-09-29T21:12:06","guid":{"rendered":"https:\/\/homeemotion.lt\/toode\/juhtmevabad-korvaklapid-jbl-nooproosa-kuld\/"},"modified":"2026-04-17T23:11:22","modified_gmt":"2026-04-17T20:11:22","slug":"juhtmevabad-korvaklapid-jbl-nooproosa-kuld","status":"publish","type":"product","link":"https:\/\/homeemotion.lt\/lt\/toode\/juhtmevabad-korvaklapid-jbl-nooproosa-kuld\/","title":{"rendered":"JBL belaid\u0117s ausin\u0117s, mygtukin\u0117s, ro\u017einio aukso spalvos"},"content":{"rendered":"","protected":false},"excerpt":{"rendered":"","protected":false},"featured_media":0,"template":"","meta":{"om_disable_all_campaigns":false,"_uf_show_specific_survey":0,"_uf_disable_surveys":false},"product_brand":[1117],"product_cat":[109],"product_tag":[711],"class_list":{"0":"post-16010","1":"product","2":"type-product","3":"status-publish","5":"product_brand-jbl","6":"product_cat-uncategorized","7":"product_tag-jbl","9":"first","10":"instock","11":"taxable","12":"shipping-taxable","13":"purchasable","14":"product-type-simple"},"aioseo_notices":[],"_links":{"self":[{"href":"https:\/\/homeemotion.lt\/lt\/wp-json\/wp\/v2\/product\/16010","targetHints":{"allow":["GET"]}}],"collection":[{"href":"https:\/\/homeemotion.lt\/lt\/wp-json\/wp\/v2\/product"}],"about":[{"href":"https:\/\/homeemotion.lt\/lt\/wp-json\/wp\/v2\/types\/product"}],"wp:attachment":[{"href":"https:\/\/homeemotion.lt\/lt\/wp-json\/wp\/v2\/media?parent=16010"}],"wp:term":[{"taxonomy":"product_brand","embeddable":true,"href":"https:\/\/homeemotion.lt\/lt\/wp-json\/wp\/v2\/product_brand?post=16010"},{"taxonomy":"product_cat","embeddable":true,"href":"https:\/\/homeemotion.lt\/lt\/wp-json\/wp\/v2\/product_cat?post=16010"},{"taxonomy":"product_tag","embeddable":true,"href":"https:\/\/homeemotion.lt\/lt\/wp-json\/wp\/v2\/product_tag?post=16010"}],"curies":[{"name":"wp","href":"https:\/\/api.w.org\/{rel}","templated":true}]}}