{"id":15993,"date":"2025-09-30T00:11:56","date_gmt":"2025-09-29T21:11:56","guid":{"rendered":"https:\/\/homeemotion.lt\/toode\/sonicare-c3-premium-plaque-control-asendusharjapead-4tk-must\/"},"modified":"2026-04-17T17:36:35","modified_gmt":"2026-04-17T14:36:35","slug":"sonicare-c3-premium-plaque-control-asendusharjapead-4tk-must","status":"publish","type":"product","link":"https:\/\/homeemotion.lt\/lt\/toode\/sonicare-c3-premium-plaque-control-asendusharjapead-4tk-must\/","title":{"rendered":"\"Sonicare C3 Premium Premium Plaque Control\"\/vidutinio mink\u0161tumo pakaitiniai \u0161epet\u0117liai 4 vnt., juodi"},"content":{"rendered":"","protected":false},"excerpt":{"rendered":"","protected":false},"featured_media":0,"template":"","meta":{"om_disable_all_campaigns":false,"_uf_show_specific_survey":0,"_uf_disable_surveys":false},"product_brand":[1096],"product_cat":[109],"product_tag":[618],"class_list":{"0":"post-15993","1":"product","2":"type-product","3":"status-publish","5":"product_brand-philips-ph","6":"product_cat-uncategorized","7":"product_tag-philips-ph","9":"first","10":"instock","11":"taxable","12":"shipping-taxable","13":"purchasable","14":"product-type-simple"},"aioseo_notices":[],"_links":{"self":[{"href":"https:\/\/homeemotion.lt\/lt\/wp-json\/wp\/v2\/product\/15993","targetHints":{"allow":["GET"]}}],"collection":[{"href":"https:\/\/homeemotion.lt\/lt\/wp-json\/wp\/v2\/product"}],"about":[{"href":"https:\/\/homeemotion.lt\/lt\/wp-json\/wp\/v2\/types\/product"}],"wp:attachment":[{"href":"https:\/\/homeemotion.lt\/lt\/wp-json\/wp\/v2\/media?parent=15993"}],"wp:term":[{"taxonomy":"product_brand","embeddable":true,"href":"https:\/\/homeemotion.lt\/lt\/wp-json\/wp\/v2\/product_brand?post=15993"},{"taxonomy":"product_cat","embeddable":true,"href":"https:\/\/homeemotion.lt\/lt\/wp-json\/wp\/v2\/product_cat?post=15993"},{"taxonomy":"product_tag","embeddable":true,"href":"https:\/\/homeemotion.lt\/lt\/wp-json\/wp\/v2\/product_tag?post=15993"}],"curies":[{"name":"wp","href":"https:\/\/api.w.org\/{rel}","templated":true}]}}