{"id":15990,"date":"2025-09-30T00:11:44","date_gmt":"2025-09-29T21:11:44","guid":{"rendered":"https:\/\/homeemotion.lt\/toode\/sonicare-for-kids-asendusharjapead-2tk-lastele-7-aastat\/"},"modified":"2026-04-17T19:11:34","modified_gmt":"2026-04-17T16:11:34","slug":"sonicare-for-kids-asendusharjapead-2tk-lastele-7-aastat","status":"publish","type":"product","link":"https:\/\/homeemotion.lt\/lt\/toode\/sonicare-for-kids-asendusharjapead-2tk-lastele-7-aastat\/","title":{"rendered":"\"Sonicare For Kids\" pakaitiniai \u0161epet\u0117liai 2 vnt., vaikams nuo 7 met\u0173"},"content":{"rendered":"","protected":false},"excerpt":{"rendered":"","protected":false},"featured_media":0,"template":"","meta":{"om_disable_all_campaigns":false,"_uf_show_specific_survey":0,"_uf_disable_surveys":false},"product_brand":[1096],"product_cat":[109],"product_tag":[618],"class_list":{"0":"post-15990","1":"product","2":"type-product","3":"status-publish","5":"product_brand-philips-ph","6":"product_cat-uncategorized","7":"product_tag-philips-ph","9":"first","10":"instock","11":"taxable","12":"shipping-taxable","13":"purchasable","14":"product-type-simple"},"aioseo_notices":[],"_links":{"self":[{"href":"https:\/\/homeemotion.lt\/lt\/wp-json\/wp\/v2\/product\/15990","targetHints":{"allow":["GET"]}}],"collection":[{"href":"https:\/\/homeemotion.lt\/lt\/wp-json\/wp\/v2\/product"}],"about":[{"href":"https:\/\/homeemotion.lt\/lt\/wp-json\/wp\/v2\/types\/product"}],"wp:attachment":[{"href":"https:\/\/homeemotion.lt\/lt\/wp-json\/wp\/v2\/media?parent=15990"}],"wp:term":[{"taxonomy":"product_brand","embeddable":true,"href":"https:\/\/homeemotion.lt\/lt\/wp-json\/wp\/v2\/product_brand?post=15990"},{"taxonomy":"product_cat","embeddable":true,"href":"https:\/\/homeemotion.lt\/lt\/wp-json\/wp\/v2\/product_cat?post=15990"},{"taxonomy":"product_tag","embeddable":true,"href":"https:\/\/homeemotion.lt\/lt\/wp-json\/wp\/v2\/product_tag?post=15990"}],"curies":[{"name":"wp","href":"https:\/\/api.w.org\/{rel}","templated":true}]}}