{"id":15962,"date":"2025-09-30T00:10:56","date_gmt":"2025-09-29T21:10:56","guid":{"rendered":"https:\/\/homeemotion.lt\/toode\/lusika-ja-kulbialus-duxford-keraamiline-11cm\/"},"modified":"2026-04-17T20:36:30","modified_gmt":"2026-04-17T17:36:30","slug":"lusika-ja-kulbialus-duxford-keraamiline-11cm","status":"publish","type":"product","link":"https:\/\/homeemotion.lt\/lt\/toode\/lusika-ja-kulbialus-duxford-keraamiline-11cm\/","title":{"rendered":"\u0160auk\u0161tas ir duben\u0117lis Duxford, keramika 11cm"},"content":{"rendered":"","protected":false},"excerpt":{"rendered":"","protected":false},"featured_media":0,"template":"","meta":{"om_disable_all_campaigns":false,"_uf_show_specific_survey":0,"_uf_disable_surveys":false},"product_brand":[1111],"product_cat":[109],"product_tag":[695],"class_list":{"0":"post-15962","1":"product","2":"type-product","3":"status-publish","5":"product_brand-colemason","6":"product_cat-uncategorized","7":"product_tag-colemason","9":"first","10":"instock","11":"taxable","12":"shipping-taxable","13":"purchasable","14":"product-type-simple"},"aioseo_notices":[],"_links":{"self":[{"href":"https:\/\/homeemotion.lt\/lt\/wp-json\/wp\/v2\/product\/15962","targetHints":{"allow":["GET"]}}],"collection":[{"href":"https:\/\/homeemotion.lt\/lt\/wp-json\/wp\/v2\/product"}],"about":[{"href":"https:\/\/homeemotion.lt\/lt\/wp-json\/wp\/v2\/types\/product"}],"wp:attachment":[{"href":"https:\/\/homeemotion.lt\/lt\/wp-json\/wp\/v2\/media?parent=15962"}],"wp:term":[{"taxonomy":"product_brand","embeddable":true,"href":"https:\/\/homeemotion.lt\/lt\/wp-json\/wp\/v2\/product_brand?post=15962"},{"taxonomy":"product_cat","embeddable":true,"href":"https:\/\/homeemotion.lt\/lt\/wp-json\/wp\/v2\/product_cat?post=15962"},{"taxonomy":"product_tag","embeddable":true,"href":"https:\/\/homeemotion.lt\/lt\/wp-json\/wp\/v2\/product_tag?post=15962"}],"curies":[{"name":"wp","href":"https:\/\/api.w.org\/{rel}","templated":true}]}}