{"id":15922,"date":"2025-09-30T00:10:32","date_gmt":"2025-09-29T21:10:32","guid":{"rendered":"https:\/\/homeemotion.lt\/toode\/soola-ja-pipraveski-kompl-everyday-basic-155cm\/"},"modified":"2026-04-17T17:36:33","modified_gmt":"2026-04-17T14:36:33","slug":"soola-ja-pipraveski-kompl-everyday-basic-155cm","status":"publish","type":"product","link":"https:\/\/homeemotion.lt\/lt\/toode\/soola-ja-pipraveski-kompl-everyday-basic-155cm\/","title":{"rendered":"Druskos ir pipir\u0173 mal\u016bn\u0117li\u0173 rinkinys Everyday Basic 15,5 cm"},"content":{"rendered":"","protected":false},"excerpt":{"rendered":"","protected":false},"featured_media":0,"template":"","meta":{"om_disable_all_campaigns":false,"_uf_show_specific_survey":0,"_uf_disable_surveys":false},"product_brand":[1111],"product_cat":[109],"product_tag":[695],"class_list":{"0":"post-15922","1":"product","2":"type-product","3":"status-publish","5":"product_brand-colemason","6":"product_cat-uncategorized","7":"product_tag-colemason","9":"first","10":"instock","11":"taxable","12":"shipping-taxable","13":"purchasable","14":"product-type-simple"},"aioseo_notices":[],"_links":{"self":[{"href":"https:\/\/homeemotion.lt\/lt\/wp-json\/wp\/v2\/product\/15922","targetHints":{"allow":["GET"]}}],"collection":[{"href":"https:\/\/homeemotion.lt\/lt\/wp-json\/wp\/v2\/product"}],"about":[{"href":"https:\/\/homeemotion.lt\/lt\/wp-json\/wp\/v2\/types\/product"}],"wp:attachment":[{"href":"https:\/\/homeemotion.lt\/lt\/wp-json\/wp\/v2\/media?parent=15922"}],"wp:term":[{"taxonomy":"product_brand","embeddable":true,"href":"https:\/\/homeemotion.lt\/lt\/wp-json\/wp\/v2\/product_brand?post=15922"},{"taxonomy":"product_cat","embeddable":true,"href":"https:\/\/homeemotion.lt\/lt\/wp-json\/wp\/v2\/product_cat?post=15922"},{"taxonomy":"product_tag","embeddable":true,"href":"https:\/\/homeemotion.lt\/lt\/wp-json\/wp\/v2\/product_tag?post=15922"}],"curies":[{"name":"wp","href":"https:\/\/api.w.org\/{rel}","templated":true}]}}