{"id":15857,"date":"2025-09-27T17:19:50","date_gmt":"2025-09-27T14:19:50","guid":{"rendered":"https:\/\/homeemotion.lt\/toode\/juukseloikur-babyliss-laetav-45mm-grafiidist-tera-kova-hoiustamiskarp\/"},"modified":"2026-04-17T14:38:06","modified_gmt":"2026-04-17T11:38:06","slug":"juukseloikur-babyliss-laetav-45mm-grafiidist-tera-kova-hoiustamiskarp","status":"publish","type":"product","link":"https:\/\/homeemotion.lt\/lt\/toode\/juukseloikur-babyliss-laetav-45mm-grafiidist-tera-kova-hoiustamiskarp\/","title":{"rendered":"\"Babyliss\" plauk\u0173 kirpimo ma\u0161in\u0117l\u0117, \u012fkraunama, 45 mm grafito a\u0161menys, kieta laikymo d\u0117\u017eut\u0117"},"content":{"rendered":"","protected":false},"excerpt":{"rendered":"","protected":false},"featured_media":0,"template":"","meta":{"om_disable_all_campaigns":false,"_uf_show_specific_survey":0,"_uf_disable_surveys":false},"product_brand":[1087],"product_cat":[985,986,1049],"product_tag":[19],"class_list":{"0":"post-15857","1":"product","2":"type-product","3":"status-publish","5":"product_brand-babyliss","6":"product_cat-ilu","7":"product_cat-ilutooted","8":"product_cat-juukseloikurid","9":"product_tag-babyliss","11":"first","12":"instock","13":"taxable","14":"shipping-taxable","15":"purchasable","16":"product-type-simple"},"aioseo_notices":[],"_links":{"self":[{"href":"https:\/\/homeemotion.lt\/lt\/wp-json\/wp\/v2\/product\/15857","targetHints":{"allow":["GET"]}}],"collection":[{"href":"https:\/\/homeemotion.lt\/lt\/wp-json\/wp\/v2\/product"}],"about":[{"href":"https:\/\/homeemotion.lt\/lt\/wp-json\/wp\/v2\/types\/product"}],"wp:attachment":[{"href":"https:\/\/homeemotion.lt\/lt\/wp-json\/wp\/v2\/media?parent=15857"}],"wp:term":[{"taxonomy":"product_brand","embeddable":true,"href":"https:\/\/homeemotion.lt\/lt\/wp-json\/wp\/v2\/product_brand?post=15857"},{"taxonomy":"product_cat","embeddable":true,"href":"https:\/\/homeemotion.lt\/lt\/wp-json\/wp\/v2\/product_cat?post=15857"},{"taxonomy":"product_tag","embeddable":true,"href":"https:\/\/homeemotion.lt\/lt\/wp-json\/wp\/v2\/product_tag?post=15857"}],"curies":[{"name":"wp","href":"https:\/\/api.w.org\/{rel}","templated":true}]}}