{"id":15855,"date":"2025-09-27T17:19:49","date_gmt":"2025-09-27T14:19:49","guid":{"rendered":"https:\/\/homeemotion.lt\/toode\/kastmevispel-zyliss\/"},"modified":"2026-04-17T19:11:28","modified_gmt":"2026-04-17T16:11:28","slug":"kastmevispel-zyliss","status":"publish","type":"product","link":"https:\/\/homeemotion.lt\/lt\/toode\/kastmevispel-zyliss\/","title":{"rendered":"Ka\u0161ton\u0173 \u0161luotel\u0117, \"Zyliss"},"content":{"rendered":"","protected":false},"excerpt":{"rendered":"","protected":false},"featured_media":0,"template":"","meta":{"om_disable_all_campaigns":false,"_uf_show_specific_survey":0,"_uf_disable_surveys":false},"product_brand":[1104],"product_cat":[109],"product_tag":[677],"class_list":{"0":"post-15855","1":"product","2":"type-product","3":"status-publish","5":"product_brand-zyliss","6":"product_cat-uncategorized","7":"product_tag-zyliss","9":"first","10":"instock","11":"taxable","12":"shipping-taxable","13":"purchasable","14":"product-type-simple"},"aioseo_notices":[],"_links":{"self":[{"href":"https:\/\/homeemotion.lt\/lt\/wp-json\/wp\/v2\/product\/15855","targetHints":{"allow":["GET"]}}],"collection":[{"href":"https:\/\/homeemotion.lt\/lt\/wp-json\/wp\/v2\/product"}],"about":[{"href":"https:\/\/homeemotion.lt\/lt\/wp-json\/wp\/v2\/types\/product"}],"wp:attachment":[{"href":"https:\/\/homeemotion.lt\/lt\/wp-json\/wp\/v2\/media?parent=15855"}],"wp:term":[{"taxonomy":"product_brand","embeddable":true,"href":"https:\/\/homeemotion.lt\/lt\/wp-json\/wp\/v2\/product_brand?post=15855"},{"taxonomy":"product_cat","embeddable":true,"href":"https:\/\/homeemotion.lt\/lt\/wp-json\/wp\/v2\/product_cat?post=15855"},{"taxonomy":"product_tag","embeddable":true,"href":"https:\/\/homeemotion.lt\/lt\/wp-json\/wp\/v2\/product_tag?post=15855"}],"curies":[{"name":"wp","href":"https:\/\/api.w.org\/{rel}","templated":true}]}}