{"id":15038,"date":"2025-09-27T17:09:46","date_gmt":"2025-09-27T14:09:46","guid":{"rendered":"https:\/\/homeemotion.lt\/toode\/asendus-harjapead-domo-elektrilisele-hambaharjale-2\/"},"modified":"2026-04-19T18:37:15","modified_gmt":"2026-04-19T15:37:15","slug":"asendus-harjapead-domo-elektrilisele-hambaharjale-2","status":"publish","type":"product","link":"https:\/\/homeemotion.lt\/lt\/toode\/asendus-harjapead-domo-elektrilisele-hambaharjale-2\/","title":{"rendered":"\"Domo\" elektrinio dant\u0173 \u0161epet\u0117lio atsargin\u0117 galvut\u0117"},"content":{"rendered":"","protected":false},"excerpt":{"rendered":"<p>komplektis 6 asendus harjapead Domo elektrilisele hambaharjale. sobib mudelile DO9233TB<\/p>","protected":false},"featured_media":16515,"template":"","meta":{"om_disable_all_campaigns":false,"_uf_show_specific_survey":0,"_uf_disable_surveys":false},"product_brand":[933],"product_cat":[985],"product_tag":[116],"class_list":{"0":"post-15038","1":"product","2":"type-product","3":"status-publish","4":"has-post-thumbnail","6":"product_brand-domo","7":"product_cat-ilu","8":"product_tag-domo","10":"first","11":"instock","12":"taxable","13":"shipping-taxable","14":"purchasable","15":"product-type-simple"},"aioseo_notices":[],"_links":{"self":[{"href":"https:\/\/homeemotion.lt\/lt\/wp-json\/wp\/v2\/product\/15038","targetHints":{"allow":["GET"]}}],"collection":[{"href":"https:\/\/homeemotion.lt\/lt\/wp-json\/wp\/v2\/product"}],"about":[{"href":"https:\/\/homeemotion.lt\/lt\/wp-json\/wp\/v2\/types\/product"}],"wp:featuredmedia":[{"embeddable":true,"href":"https:\/\/homeemotion.lt\/lt\/wp-json\/wp\/v2\/media\/16515"}],"wp:attachment":[{"href":"https:\/\/homeemotion.lt\/lt\/wp-json\/wp\/v2\/media?parent=15038"}],"wp:term":[{"taxonomy":"product_brand","embeddable":true,"href":"https:\/\/homeemotion.lt\/lt\/wp-json\/wp\/v2\/product_brand?post=15038"},{"taxonomy":"product_cat","embeddable":true,"href":"https:\/\/homeemotion.lt\/lt\/wp-json\/wp\/v2\/product_cat?post=15038"},{"taxonomy":"product_tag","embeddable":true,"href":"https:\/\/homeemotion.lt\/lt\/wp-json\/wp\/v2\/product_tag?post=15038"}],"curies":[{"name":"wp","href":"https:\/\/api.w.org\/{rel}","templated":true}]}}