{"id":15036,"date":"2025-09-27T17:09:26","date_gmt":"2025-09-27T14:09:26","guid":{"rendered":"https:\/\/homeemotion.lt\/toode\/taisautomaatne-espressomasin-domo-piimakann-400ml-led-displei-must\/"},"modified":"2026-04-17T15:37:07","modified_gmt":"2026-04-17T12:37:07","slug":"taisautomaatne-espressomasin-domo-piimakann-400ml-led-displei-must","status":"publish","type":"product","link":"https:\/\/homeemotion.lt\/lt\/toode\/taisautomaatne-espressomasin-domo-piimakann-400ml-led-displei-must\/","title":{"rendered":"\"Domo\" visi\u0161kai automatinis espreso kavos aparatas, 400 ml pieno \u0105sot\u0117lis, LED ekranas, juodas"},"content":{"rendered":"","protected":false},"excerpt":{"rendered":"","protected":false},"featured_media":0,"template":"","meta":{"om_disable_all_campaigns":false,"_uf_show_specific_survey":0,"_uf_disable_surveys":false},"product_brand":[933],"product_cat":[955,1021,973],"product_tag":[116],"class_list":{"0":"post-15036","1":"product","2":"type-product","3":"status-publish","5":"product_brand-domo","6":"product_cat-kodu","7":"product_cat-kohvimasinad","8":"product_cat-koogitehnika","9":"product_tag-domo","11":"first","12":"instock","13":"taxable","14":"shipping-taxable","15":"purchasable","16":"product-type-simple"},"aioseo_notices":[],"_links":{"self":[{"href":"https:\/\/homeemotion.lt\/lt\/wp-json\/wp\/v2\/product\/15036","targetHints":{"allow":["GET"]}}],"collection":[{"href":"https:\/\/homeemotion.lt\/lt\/wp-json\/wp\/v2\/product"}],"about":[{"href":"https:\/\/homeemotion.lt\/lt\/wp-json\/wp\/v2\/types\/product"}],"wp:attachment":[{"href":"https:\/\/homeemotion.lt\/lt\/wp-json\/wp\/v2\/media?parent=15036"}],"wp:term":[{"taxonomy":"product_brand","embeddable":true,"href":"https:\/\/homeemotion.lt\/lt\/wp-json\/wp\/v2\/product_brand?post=15036"},{"taxonomy":"product_cat","embeddable":true,"href":"https:\/\/homeemotion.lt\/lt\/wp-json\/wp\/v2\/product_cat?post=15036"},{"taxonomy":"product_tag","embeddable":true,"href":"https:\/\/homeemotion.lt\/lt\/wp-json\/wp\/v2\/product_tag?post=15036"}],"curies":[{"name":"wp","href":"https:\/\/api.w.org\/{rel}","templated":true}]}}