{"id":15035,"date":"2025-09-27T17:09:25","date_gmt":"2025-09-27T14:09:25","guid":{"rendered":"https:\/\/homeemotion.lt\/toode\/blender-smuutiblender-domo-800w-klaaskann-15l-smuutipudel\/"},"modified":"2026-04-21T13:15:52","modified_gmt":"2026-04-21T10:15:52","slug":"blender-smuutiblender-domo-800w-klaaskann-15l-smuutipudel","status":"publish","type":"product","link":"https:\/\/homeemotion.lt\/lt\/toode\/blender-smuutiblender-domo-800w-klaaskann-15l-smuutipudel\/","title":{"rendered":"\"Domo\" 800W mai\u0161ytuvas \/ kokteili\u0173 gaminimo aparatas, 1,5 l stiklinis \u0105sotis + kokteili\u0173 buteliukas"},"content":{"rendered":"","protected":false},"excerpt":{"rendered":"","protected":false},"featured_media":0,"template":"","meta":{"om_disable_all_campaigns":false,"_uf_show_specific_survey":0,"_uf_disable_surveys":false},"product_brand":[933],"product_cat":[1020,955,973],"product_tag":[116],"class_list":{"0":"post-15035","1":"product","2":"type-product","3":"status-publish","5":"product_brand-domo","6":"product_cat-blenderid","7":"product_cat-kodu","8":"product_cat-koogitehnika","9":"product_tag-domo","11":"first","12":"instock","13":"taxable","14":"shipping-taxable","15":"purchasable","16":"product-type-simple"},"aioseo_notices":[],"_links":{"self":[{"href":"https:\/\/homeemotion.lt\/lt\/wp-json\/wp\/v2\/product\/15035","targetHints":{"allow":["GET"]}}],"collection":[{"href":"https:\/\/homeemotion.lt\/lt\/wp-json\/wp\/v2\/product"}],"about":[{"href":"https:\/\/homeemotion.lt\/lt\/wp-json\/wp\/v2\/types\/product"}],"wp:attachment":[{"href":"https:\/\/homeemotion.lt\/lt\/wp-json\/wp\/v2\/media?parent=15035"}],"wp:term":[{"taxonomy":"product_brand","embeddable":true,"href":"https:\/\/homeemotion.lt\/lt\/wp-json\/wp\/v2\/product_brand?post=15035"},{"taxonomy":"product_cat","embeddable":true,"href":"https:\/\/homeemotion.lt\/lt\/wp-json\/wp\/v2\/product_cat?post=15035"},{"taxonomy":"product_tag","embeddable":true,"href":"https:\/\/homeemotion.lt\/lt\/wp-json\/wp\/v2\/product_tag?post=15035"}],"curies":[{"name":"wp","href":"https:\/\/api.w.org\/{rel}","templated":true}]}}